{"id":16853,"date":"2026-05-12T04:49:18","date_gmt":"2026-05-12T01:49:18","guid":{"rendered":"https:\/\/ventspils.citro.lv\/veikals\/ella-floriol-rapsu-2l\/"},"modified":"2026-05-12T04:49:30","modified_gmt":"2026-05-12T01:49:30","slug":"ella-floriol-rapsu-2l","status":"publish","type":"product","link":"https:\/\/ventspils.citro.lv\/ru\/veikals\/ella-floriol-rapsu-2l\/","title":{"rendered":"E\u013c\u013ca Floriol rap\u0161u 2l"},"content":{"rendered":"","protected":false},"excerpt":{"rendered":"<p>4.25 \u20ac\/l<\/p>\n","protected":false},"featured_media":1258928,"template":"","meta":{"_acf_changed":false,"inline_featured_image":false},"product_cat":[116,164],"product_tag":[],"acf":[],"aioseo_notices":[],"_links":{"self":[{"href":"https:\/\/ventspils.citro.lv\/ru\/wp-json\/wp\/v2\/product\/16853"}],"collection":[{"href":"https:\/\/ventspils.citro.lv\/ru\/wp-json\/wp\/v2\/product"}],"about":[{"href":"https:\/\/ventspils.citro.lv\/ru\/wp-json\/wp\/v2\/types\/product"}],"wp:featuredmedia":[{"embeddable":true,"href":"https:\/\/ventspils.citro.lv\/ru\/wp-json\/wp\/v2\/media\/1258928"}],"wp:attachment":[{"href":"https:\/\/ventspils.citro.lv\/ru\/wp-json\/wp\/v2\/media?parent=16853"}],"wp:term":[{"taxonomy":"product_cat","embeddable":true,"href":"https:\/\/ventspils.citro.lv\/ru\/wp-json\/wp\/v2\/product_cat?post=16853"},{"taxonomy":"product_tag","embeddable":true,"href":"https:\/\/ventspils.citro.lv\/ru\/wp-json\/wp\/v2\/product_tag?post=16853"}],"curies":[{"name":"wp","href":"https:\/\/api.w.org\/{rel}","templated":true}]}}