{"id":168145,"date":"2026-01-13T01:42:38","date_gmt":"2026-01-12T23:42:38","guid":{"rendered":"https:\/\/ventspils.citro.lv\/veikals\/svecturis-stikla-apals-20cm-zelta\/"},"modified":"2026-01-13T01:42:43","modified_gmt":"2026-01-12T23:42:43","slug":"svecturis-stikla-apals-20cm-zelta","status":"publish","type":"product","link":"https:\/\/ventspils.citro.lv\/ru\/veikals\/svecturis-stikla-apals-20cm-zelta\/","title":{"rendered":"Sve\u010dturis stikla apa\u013c\u0161 20cm, zelta"},"content":{"rendered":"","protected":false},"excerpt":{"rendered":"<p>3.99 \u20ac\/gb<\/p>\n","protected":false},"featured_media":1191801,"template":"","meta":{"_acf_changed":false,"inline_featured_image":false},"product_cat":[534,131],"product_tag":[],"acf":[],"aioseo_notices":[],"_links":{"self":[{"href":"https:\/\/ventspils.citro.lv\/ru\/wp-json\/wp\/v2\/product\/168145"}],"collection":[{"href":"https:\/\/ventspils.citro.lv\/ru\/wp-json\/wp\/v2\/product"}],"about":[{"href":"https:\/\/ventspils.citro.lv\/ru\/wp-json\/wp\/v2\/types\/product"}],"wp:featuredmedia":[{"embeddable":true,"href":"https:\/\/ventspils.citro.lv\/ru\/wp-json\/wp\/v2\/media\/1191801"}],"wp:attachment":[{"href":"https:\/\/ventspils.citro.lv\/ru\/wp-json\/wp\/v2\/media?parent=168145"}],"wp:term":[{"taxonomy":"product_cat","embeddable":true,"href":"https:\/\/ventspils.citro.lv\/ru\/wp-json\/wp\/v2\/product_cat?post=168145"},{"taxonomy":"product_tag","embeddable":true,"href":"https:\/\/ventspils.citro.lv\/ru\/wp-json\/wp\/v2\/product_tag?post=168145"}],"curies":[{"name":"wp","href":"https:\/\/api.w.org\/{rel}","templated":true}]}}