{"id":168143,"date":"2026-01-13T01:42:26","date_gmt":"2026-01-12T23:42:26","guid":{"rendered":"https:\/\/ventspils.citro.lv\/veikals\/svecturis-stikla-apals-20cm-sudraba\/"},"modified":"2026-01-13T01:42:36","modified_gmt":"2026-01-12T23:42:36","slug":"svecturis-stikla-apals-20cm-sudraba","status":"publish","type":"product","link":"https:\/\/ventspils.citro.lv\/ru\/veikals\/svecturis-stikla-apals-20cm-sudraba\/","title":{"rendered":"Sve\u010dturis stikla apa\u013c\u0161 20cm, sudraba"},"content":{"rendered":"","protected":false},"excerpt":{"rendered":"<p>3.99 \u20ac\/gb<\/p>\n","protected":false},"featured_media":1191800,"template":"","meta":{"_acf_changed":false,"inline_featured_image":false},"product_cat":[534,131],"product_tag":[],"acf":[],"aioseo_notices":[],"_links":{"self":[{"href":"https:\/\/ventspils.citro.lv\/ru\/wp-json\/wp\/v2\/product\/168143"}],"collection":[{"href":"https:\/\/ventspils.citro.lv\/ru\/wp-json\/wp\/v2\/product"}],"about":[{"href":"https:\/\/ventspils.citro.lv\/ru\/wp-json\/wp\/v2\/types\/product"}],"wp:featuredmedia":[{"embeddable":true,"href":"https:\/\/ventspils.citro.lv\/ru\/wp-json\/wp\/v2\/media\/1191800"}],"wp:attachment":[{"href":"https:\/\/ventspils.citro.lv\/ru\/wp-json\/wp\/v2\/media?parent=168143"}],"wp:term":[{"taxonomy":"product_cat","embeddable":true,"href":"https:\/\/ventspils.citro.lv\/ru\/wp-json\/wp\/v2\/product_cat?post=168143"},{"taxonomy":"product_tag","embeddable":true,"href":"https:\/\/ventspils.citro.lv\/ru\/wp-json\/wp\/v2\/product_tag?post=168143"}],"curies":[{"name":"wp","href":"https:\/\/api.w.org\/{rel}","templated":true}]}}