{"id":167881,"date":"2026-01-13T01:30:14","date_gmt":"2026-01-12T23:30:14","guid":{"rendered":"https:\/\/ventspils.citro.lv\/veikals\/davanu-papirs-caurspidigs-ar-rakstu-70x500cm\/"},"modified":"2026-01-13T01:30:23","modified_gmt":"2026-01-12T23:30:23","slug":"davanu-papirs-caurspidigs-ar-rakstu-70x500cm","status":"publish","type":"product","link":"https:\/\/ventspils.citro.lv\/ru\/veikals\/davanu-papirs-caurspidigs-ar-rakstu-70x500cm\/","title":{"rendered":"D\u0101vanu pap\u012brs caursp\u012bd\u012bgs ar rakstu 70x500cm"},"content":{"rendered":"","protected":false},"excerpt":{"rendered":"<p>2.39 \u20ac\/gb<\/p>\n","protected":false},"featured_media":1191753,"template":"","meta":{"_acf_changed":false,"inline_featured_image":false},"product_cat":[534,131],"product_tag":[],"acf":[],"aioseo_notices":[],"_links":{"self":[{"href":"https:\/\/ventspils.citro.lv\/ru\/wp-json\/wp\/v2\/product\/167881"}],"collection":[{"href":"https:\/\/ventspils.citro.lv\/ru\/wp-json\/wp\/v2\/product"}],"about":[{"href":"https:\/\/ventspils.citro.lv\/ru\/wp-json\/wp\/v2\/types\/product"}],"wp:featuredmedia":[{"embeddable":true,"href":"https:\/\/ventspils.citro.lv\/ru\/wp-json\/wp\/v2\/media\/1191753"}],"wp:attachment":[{"href":"https:\/\/ventspils.citro.lv\/ru\/wp-json\/wp\/v2\/media?parent=167881"}],"wp:term":[{"taxonomy":"product_cat","embeddable":true,"href":"https:\/\/ventspils.citro.lv\/ru\/wp-json\/wp\/v2\/product_cat?post=167881"},{"taxonomy":"product_tag","embeddable":true,"href":"https:\/\/ventspils.citro.lv\/ru\/wp-json\/wp\/v2\/product_tag?post=167881"}],"curies":[{"name":"wp","href":"https:\/\/api.w.org\/{rel}","templated":true}]}}