{"id":165528,"date":"2026-04-28T03:42:40","date_gmt":"2026-04-28T00:42:40","guid":{"rendered":"https:\/\/ventspils.citro.lv\/veikals\/kafijas-dzeriens-aroma-gold-3in1-170g-mais\/"},"modified":"2026-04-28T03:42:51","modified_gmt":"2026-04-28T00:42:51","slug":"kafijas-dzeriens-aroma-gold-3in1-170g-mais","status":"publish","type":"product","link":"https:\/\/ventspils.citro.lv\/ru\/veikals\/kafijas-dzeriens-aroma-gold-3in1-170g-mais\/","title":{"rendered":"Kafijas dz\u0113riens Aroma Gold 3in1, 170g mais."},"content":{"rendered":"<p>Cukurs (53,7 %), glikozes s\u012brups, augu e\u013c\u013cas (kokosriekstu, palmu kodolu main\u012bg\u0101s proporcij\u0101s), \u0161\u0137\u012bsto\u0161a kafija (8 %), PIENA prote\u012bni, stabiliz\u0113t\u0101ji: E331, E340, emulgators E471, aromatiz\u0113t\u0101js, pretsalipes viela E551<\/p>\n","protected":false},"excerpt":{"rendered":"<p>14.65 \u20ac\/kg<\/p>\n","protected":false},"featured_media":1254397,"template":"","meta":{"_acf_changed":false,"inline_featured_image":false},"product_cat":[538,142],"product_tag":[],"acf":[],"aioseo_notices":[],"_links":{"self":[{"href":"https:\/\/ventspils.citro.lv\/ru\/wp-json\/wp\/v2\/product\/165528"}],"collection":[{"href":"https:\/\/ventspils.citro.lv\/ru\/wp-json\/wp\/v2\/product"}],"about":[{"href":"https:\/\/ventspils.citro.lv\/ru\/wp-json\/wp\/v2\/types\/product"}],"wp:featuredmedia":[{"embeddable":true,"href":"https:\/\/ventspils.citro.lv\/ru\/wp-json\/wp\/v2\/media\/1254397"}],"wp:attachment":[{"href":"https:\/\/ventspils.citro.lv\/ru\/wp-json\/wp\/v2\/media?parent=165528"}],"wp:term":[{"taxonomy":"product_cat","embeddable":true,"href":"https:\/\/ventspils.citro.lv\/ru\/wp-json\/wp\/v2\/product_cat?post=165528"},{"taxonomy":"product_tag","embeddable":true,"href":"https:\/\/ventspils.citro.lv\/ru\/wp-json\/wp\/v2\/product_tag?post=165528"}],"curies":[{"name":"wp","href":"https:\/\/api.w.org\/{rel}","templated":true}]}}