{"id":165519,"date":"2026-05-12T06:27:44","date_gmt":"2026-05-12T03:27:44","guid":{"rendered":"https:\/\/ventspils.citro.lv\/veikals\/batonins-musli-nestle-zemenu-35g\/"},"modified":"2026-05-12T06:27:48","modified_gmt":"2026-05-12T03:27:48","slug":"batonins-musli-nestle-zemenu-35g","status":"publish","type":"product","link":"https:\/\/ventspils.citro.lv\/ru\/veikals\/batonins-musli-nestle-zemenu-35g\/","title":{"rendered":"Batoni\u0146\u0161 musli Nestle zeme\u0146u 35g"},"content":{"rendered":"","protected":false},"excerpt":{"rendered":"<p>14.00 \u20ac\/kg<\/p>\n","protected":false},"featured_media":1259410,"template":"","meta":{"_acf_changed":false,"inline_featured_image":false},"product_cat":[613,125],"product_tag":[],"acf":[],"aioseo_notices":[],"_links":{"self":[{"href":"https:\/\/ventspils.citro.lv\/ru\/wp-json\/wp\/v2\/product\/165519"}],"collection":[{"href":"https:\/\/ventspils.citro.lv\/ru\/wp-json\/wp\/v2\/product"}],"about":[{"href":"https:\/\/ventspils.citro.lv\/ru\/wp-json\/wp\/v2\/types\/product"}],"wp:featuredmedia":[{"embeddable":true,"href":"https:\/\/ventspils.citro.lv\/ru\/wp-json\/wp\/v2\/media\/1259410"}],"wp:attachment":[{"href":"https:\/\/ventspils.citro.lv\/ru\/wp-json\/wp\/v2\/media?parent=165519"}],"wp:term":[{"taxonomy":"product_cat","embeddable":true,"href":"https:\/\/ventspils.citro.lv\/ru\/wp-json\/wp\/v2\/product_cat?post=165519"},{"taxonomy":"product_tag","embeddable":true,"href":"https:\/\/ventspils.citro.lv\/ru\/wp-json\/wp\/v2\/product_tag?post=165519"}],"curies":[{"name":"wp","href":"https:\/\/api.w.org\/{rel}","templated":true}]}}