{"id":16502,"date":"2026-04-23T05:52:00","date_gmt":"2026-04-23T02:52:00","guid":{"rendered":"https:\/\/ventspils.citro.lv\/veikals\/kartaina-mikla-tesla-rauga-500g\/"},"modified":"2026-04-23T05:52:11","modified_gmt":"2026-04-23T02:52:11","slug":"kartaina-mikla-tesla-rauga-500g","status":"publish","type":"product","link":"https:\/\/ventspils.citro.lv\/ru\/veikals\/kartaina-mikla-tesla-rauga-500g\/","title":{"rendered":"K\u0101rtain\u0101 m\u012bkla Tesla rauga 500g"},"content":{"rendered":"","protected":false},"excerpt":{"rendered":"<p>3.98 \u20ac\/kg<\/p>\n","protected":false},"featured_media":1249659,"template":"","meta":{"_acf_changed":false,"inline_featured_image":false},"product_cat":[566,231],"product_tag":[],"acf":[],"aioseo_notices":[],"_links":{"self":[{"href":"https:\/\/ventspils.citro.lv\/ru\/wp-json\/wp\/v2\/product\/16502"}],"collection":[{"href":"https:\/\/ventspils.citro.lv\/ru\/wp-json\/wp\/v2\/product"}],"about":[{"href":"https:\/\/ventspils.citro.lv\/ru\/wp-json\/wp\/v2\/types\/product"}],"wp:featuredmedia":[{"embeddable":true,"href":"https:\/\/ventspils.citro.lv\/ru\/wp-json\/wp\/v2\/media\/1249659"}],"wp:attachment":[{"href":"https:\/\/ventspils.citro.lv\/ru\/wp-json\/wp\/v2\/media?parent=16502"}],"wp:term":[{"taxonomy":"product_cat","embeddable":true,"href":"https:\/\/ventspils.citro.lv\/ru\/wp-json\/wp\/v2\/product_cat?post=16502"},{"taxonomy":"product_tag","embeddable":true,"href":"https:\/\/ventspils.citro.lv\/ru\/wp-json\/wp\/v2\/product_tag?post=16502"}],"curies":[{"name":"wp","href":"https:\/\/api.w.org\/{rel}","templated":true}]}}