{"id":1650,"date":"2026-04-14T03:15:36","date_gmt":"2026-04-14T00:15:36","guid":{"rendered":"http:\/\/cvent.dev.wmc.lv\/ventspils\/veikals\/salati-vinegrets\/"},"modified":"2026-05-04T10:13:56","modified_gmt":"2026-05-04T07:13:56","slug":"salati-vinegrets-citro-300g","status":"publish","type":"product","link":"https:\/\/ventspils.citro.lv\/ru\/veikals\/salati-vinegrets-citro-300g\/","title":{"rendered":"Sal\u0101ti Vinegrets Citro 300g"},"content":{"rendered":"<p>Sast\u0101vda\u013cas: bietes v\u0101r\u012btas, kartupe\u013ci v\u0101r\u012bti, gur\u0137i marin\u0113ti (gur\u0137i, v\u012bna eti\u0137is,  gar\u0161vielas [dilles, s\u012bpoli, SINEPJU s\u0113klas, piparu graudi\u0146i], konservants: E211; dab\u012bgs aromatiz\u0113t\u0101js), burk\u0101ni v\u0101r\u012bti, zirn\u012b\u0161i konserv\u0113ti (za\u013cie zirn\u012b\u0161i, \u016bdens, s\u0101ls ), augu e\u013c\u013ca, s\u012bpoli, p\u0101rtikas s\u0101ls.100 g produkta satur:  ener\u0123\u0113tisk\u0101 v\u0113rt\u012bba 350 KJ\/84 kcal,  tauki 4g , tostarp pies\u0101tin\u0101t\u0101s 4,1g, \u0161\u0137iedrvielas 2,1g, olbaltumvielas 1,6g, s\u0101ls 0,8g. Uzglab\u0101\u0161anas temperat\u016bra: +2..+6 C. Izlietot l\u012bdz: nor\u0101d\u012bts uz iepakojuma. Ra\u017eot\u0101js: SIA Di\u0101na Bistro, Andreja iela 5, Ventspils.<\/p>\n","protected":false},"excerpt":{"rendered":"<p>4.97 \u20ac\/kg<\/p>\n","protected":false},"featured_media":1245419,"template":"","meta":{"_acf_changed":false,"inline_featured_image":false},"product_cat":[113,212],"product_tag":[],"acf":[],"aioseo_notices":[],"_links":{"self":[{"href":"https:\/\/ventspils.citro.lv\/ru\/wp-json\/wp\/v2\/product\/1650"}],"collection":[{"href":"https:\/\/ventspils.citro.lv\/ru\/wp-json\/wp\/v2\/product"}],"about":[{"href":"https:\/\/ventspils.citro.lv\/ru\/wp-json\/wp\/v2\/types\/product"}],"wp:featuredmedia":[{"embeddable":true,"href":"https:\/\/ventspils.citro.lv\/ru\/wp-json\/wp\/v2\/media\/1245419"}],"wp:attachment":[{"href":"https:\/\/ventspils.citro.lv\/ru\/wp-json\/wp\/v2\/media?parent=1650"}],"wp:term":[{"taxonomy":"product_cat","embeddable":true,"href":"https:\/\/ventspils.citro.lv\/ru\/wp-json\/wp\/v2\/product_cat?post=1650"},{"taxonomy":"product_tag","embeddable":true,"href":"https:\/\/ventspils.citro.lv\/ru\/wp-json\/wp\/v2\/product_tag?post=1650"}],"curies":[{"name":"wp","href":"https:\/\/api.w.org\/{rel}","templated":true}]}}