{"id":16498,"date":"2026-03-28T01:33:15","date_gmt":"2026-03-27T23:33:15","guid":{"rendered":"https:\/\/ventspils.citro.lv\/veikals\/kartaina-mikla-tesla-bezrauga-500g\/"},"modified":"2026-04-04T11:53:01","modified_gmt":"2026-04-04T08:53:01","slug":"kartaina-mikla-tesla-bezrauga-500g","status":"publish","type":"product","link":"https:\/\/ventspils.citro.lv\/ru\/veikals\/kartaina-mikla-tesla-bezrauga-500g\/","title":{"rendered":"K\u0101rtain\u0101 m\u012bkla Tesla bezrauga 500g"},"content":{"rendered":"","protected":false},"excerpt":{"rendered":"<p>3.98 \u20ac\/kg<\/p>\n","protected":false},"featured_media":1237243,"template":"","meta":{"_acf_changed":false,"inline_featured_image":false},"product_cat":[566,231],"product_tag":[],"acf":[],"aioseo_notices":[],"_links":{"self":[{"href":"https:\/\/ventspils.citro.lv\/ru\/wp-json\/wp\/v2\/product\/16498"}],"collection":[{"href":"https:\/\/ventspils.citro.lv\/ru\/wp-json\/wp\/v2\/product"}],"about":[{"href":"https:\/\/ventspils.citro.lv\/ru\/wp-json\/wp\/v2\/types\/product"}],"wp:featuredmedia":[{"embeddable":true,"href":"https:\/\/ventspils.citro.lv\/ru\/wp-json\/wp\/v2\/media\/1237243"}],"wp:attachment":[{"href":"https:\/\/ventspils.citro.lv\/ru\/wp-json\/wp\/v2\/media?parent=16498"}],"wp:term":[{"taxonomy":"product_cat","embeddable":true,"href":"https:\/\/ventspils.citro.lv\/ru\/wp-json\/wp\/v2\/product_cat?post=16498"},{"taxonomy":"product_tag","embeddable":true,"href":"https:\/\/ventspils.citro.lv\/ru\/wp-json\/wp\/v2\/product_tag?post=16498"}],"curies":[{"name":"wp","href":"https:\/\/api.w.org\/{rel}","templated":true}]}}