{"id":1647,"date":"2026-03-28T02:00:43","date_gmt":"2026-03-28T00:00:43","guid":{"rendered":"http:\/\/cvent.dev.wmc.lv\/ventspils\/veikals\/salati-rasols\/"},"modified":"2026-03-28T02:00:49","modified_gmt":"2026-03-28T00:00:49","slug":"salati-rasols-citro-300g","status":"publish","type":"product","link":"https:\/\/ventspils.citro.lv\/ru\/veikals\/salati-rasols-citro-300g\/","title":{"rendered":"Sal\u0101ti Rasols Citro 300g"},"content":{"rendered":"<p>Sast\u0101vda\u013cas: kartupe\u013ci,  desa v\u0101r\u012bt\u0101 18% (vistu meh. atdal\u012bta ga\u013ca,  c\u016bku spe\u0137is, c\u016bku \u0101das, s\u0101ls, konservants E250, SOJAS olbaltumvielas, stabilizetaji E412, E407, E425, E451, kr\u0101sviela E120, gar\u0161as pastiprin\u0101tajs E621, antioksidants E300, aromatizet\u0101ji), majon\u0113ze (rap\u0161u e\u013c\u013ca, OLU pulveris, V\u0100JPIENA pulveris, cukurs, sk\u0101buma regul\u0113t\u0101ji, konservants,  modific\u0113ta ciete, stabiliz\u0113t\u0101ji (gu\u0101ri sve\u0137i, ksant\u0101na sve\u0137i), kr\u0101sviela), OLAS, gur\u0137i marin\u0113ti  (gur\u0137i, v\u012bna eti\u0137is, s\u0101ls, gar\u0161vielas (dilles, s\u012bpoli, SINEPJU s\u0113klas, piparu graudi\u0146i), konservants: E211, dab\u012bgs aromatiz\u0113t\u0101js, saldin\u0101t\u0101js: E954), za\u013cie zirn\u012b\u0161i (za\u013cie zirn\u012b\u0161i, \u016bdens, s\u0101ls, cukurs), SINEPES (\u016bdens, SINEPJU  pulveris (24.9%), cukurs, rap\u0161u e\u013c\u013ca, s\u0101ls, sk\u0101buma regul\u0113t\u0101js (eti\u0137sk\u0101be), gar\u0161vielas.), p\u0101rtikas s\u0101ls, melnie  pipari.100 g  produkta satur:  ener\u0123. v\u0113rt. 1047KJ\/ 248kcal, tauki 7,2g, tostarp pies\u0101tin\u0101t\u0101s  tauksk\u0101bes 1,2g, og\u013chidr\u0101ti 30,2g, tostarp cukurs 17g, \u0161\u0137iedrvielas 0,8g, olbaltumvielas 15,3g, s\u0101ls 0,1g. Uzglab\u0101\u0161anas temperat\u016bra: +2..+6 C. Izlietot l\u012bdz: nor\u0101d\u012bts uz iep. Ra\u017eot\u0101js: SIA Di\u0101na Bistro, Andreja iela 5, Ventspils.<\/p>\n","protected":false},"excerpt":{"rendered":"<p>6.30 \u20ac\/kg<\/p>\n","protected":false},"featured_media":1237349,"template":"","meta":{"_acf_changed":false,"inline_featured_image":false},"product_cat":[113,212],"product_tag":[],"acf":[],"aioseo_notices":[],"_links":{"self":[{"href":"https:\/\/ventspils.citro.lv\/ru\/wp-json\/wp\/v2\/product\/1647"}],"collection":[{"href":"https:\/\/ventspils.citro.lv\/ru\/wp-json\/wp\/v2\/product"}],"about":[{"href":"https:\/\/ventspils.citro.lv\/ru\/wp-json\/wp\/v2\/types\/product"}],"wp:featuredmedia":[{"embeddable":true,"href":"https:\/\/ventspils.citro.lv\/ru\/wp-json\/wp\/v2\/media\/1237349"}],"wp:attachment":[{"href":"https:\/\/ventspils.citro.lv\/ru\/wp-json\/wp\/v2\/media?parent=1647"}],"wp:term":[{"taxonomy":"product_cat","embeddable":true,"href":"https:\/\/ventspils.citro.lv\/ru\/wp-json\/wp\/v2\/product_cat?post=1647"},{"taxonomy":"product_tag","embeddable":true,"href":"https:\/\/ventspils.citro.lv\/ru\/wp-json\/wp\/v2\/product_tag?post=1647"}],"curies":[{"name":"wp","href":"https:\/\/api.w.org\/{rel}","templated":true}]}}