{"id":1644,"date":"2026-01-26T00:54:30","date_gmt":"2026-01-25T22:54:30","guid":{"rendered":"http:\/\/cvent.dev.wmc.lv\/ventspils\/veikals\/vistas-fileja\/"},"modified":"2026-01-26T00:54:50","modified_gmt":"2026-01-25T22:54:50","slug":"vistas-fileja-cepta","status":"publish","type":"product","link":"https:\/\/ventspils.citro.lv\/ru\/veikals\/vistas-fileja-cepta\/","title":{"rendered":"Vistas fileja cepta"},"content":{"rendered":"<p>Sast\u0101vda\u013cas: vistas fileja, OLAS, augu e\u013c\u013ca, KVIE\u0160U milti, gar\u0161viela putnu ga\u013cai (s\u0101ls 53,5 %, s\u012bpoli, sald\u0101 paprika, \u0137iploki, karijs (satur kurkumu, SINEPES, koriandru),   melnie pipari, gar\u0161as pastiprin\u0101t\u0101js n\u0101trija glutam\u0101ts, cukurs, pretsalipes viela (E551)).  100 g produkta satur:  ener\u0123\u0113tisk\u0101 v\u0113rt\u012bba : 1087KJ\/261kcal,  tauki 15,6 g, tostarp pies\u0101tin\u0101t\u0101s tauksk\u0101bes 1,3 g, og\u013chidr\u0101ti 7,2 g, tostarp cukurs 0,7 g, \u0161\u0137iedrvielas 0,4 g, olbaltumvielas 22,6 g, s\u0101ls 1,5 g. Uzglab\u0101\u0161anas temperat\u016bra : +2&#8230;+6 C. Izlietot l\u012bdz: nor\u0101d\u012bts uz iepakojuma. Ra\u017eot\u0101js: SIA Di\u0101na Bistro, Andreja iela 5, Ventspils.<\/p>\n","protected":false},"excerpt":{"rendered":"<p>1.75 \u20ac\/gb<\/p>\n","protected":false},"featured_media":1198010,"template":"","meta":{"_acf_changed":false,"inline_featured_image":false},"product_cat":[113,114],"product_tag":[],"acf":[],"aioseo_notices":[],"_links":{"self":[{"href":"https:\/\/ventspils.citro.lv\/ru\/wp-json\/wp\/v2\/product\/1644"}],"collection":[{"href":"https:\/\/ventspils.citro.lv\/ru\/wp-json\/wp\/v2\/product"}],"about":[{"href":"https:\/\/ventspils.citro.lv\/ru\/wp-json\/wp\/v2\/types\/product"}],"wp:featuredmedia":[{"embeddable":true,"href":"https:\/\/ventspils.citro.lv\/ru\/wp-json\/wp\/v2\/media\/1198010"}],"wp:attachment":[{"href":"https:\/\/ventspils.citro.lv\/ru\/wp-json\/wp\/v2\/media?parent=1644"}],"wp:term":[{"taxonomy":"product_cat","embeddable":true,"href":"https:\/\/ventspils.citro.lv\/ru\/wp-json\/wp\/v2\/product_cat?post=1644"},{"taxonomy":"product_tag","embeddable":true,"href":"https:\/\/ventspils.citro.lv\/ru\/wp-json\/wp\/v2\/product_tag?post=1644"}],"curies":[{"name":"wp","href":"https:\/\/api.w.org\/{rel}","templated":true}]}}