{"id":164258,"date":"2026-04-10T05:06:26","date_gmt":"2026-04-10T02:06:26","guid":{"rendered":"https:\/\/ventspils.citro.lv\/veikals\/desa-piena-tostermaizu\/"},"modified":"2026-04-10T05:06:36","modified_gmt":"2026-04-10T02:06:36","slug":"desa-piena-tostermaizu","status":"publish","type":"product","link":"https:\/\/ventspils.citro.lv\/ru\/veikals\/desa-piena-tostermaizu\/","title":{"rendered":"Desa Piena Tostermai\u017eu"},"content":{"rendered":"<p>Sast\u0101vda\u013cas: c\u016bkga\u013ca, \u016bdens, vistas meh.atkaul.ga\u013ca, spe\u0137is, ciete, soja, s\u0101ls, piena pulveris, gar\u0161vielas, gar\u0161vielu ekstrakti, cukuri, kr\u0101sviela ko\u0161enils, arom\u0101tvielas, stabiliz\u0113t\u0101ji fosf\u0101ti, gar\u0161as pastiprin\u0101t\u0101js n\u0101trija glutam\u0101ts, antioksidanti: askorbinsk\u0101be, citronsk\u0101be, n\u0101trija eritorb\u0101ts, sk\u0101buma regul\u0113t\u0101js v\u012bnsk\u0101be, konservanti: n\u0101trija nitr\u012bts, n\u0101trija acet\u0101ts. Apvalks nav \u0113dams. 100g ener\u0123\u0113tisk\u0101 un uzturv\u0113rt\u012bba: 912kJ\/218kcal, tauki 17.7g, tostarp pies\u0101tin\u0101t\u0101s tauksk\u0101bes 7.9g, og\u013chidr\u0101ti 4.8g,  tostarp cukuri 0.1g, olbaltumvielas 10.3g, s\u0101ls 1.8g . Uzglab\u0101\u0161anas t\u00b0 no 0\u00b0 l\u012bdz +6\u00b0C.<\/p>\n","protected":false},"excerpt":{"rendered":"<p>4.99 \u20ac\/kg<\/p>\n","protected":false},"featured_media":1243009,"template":"","meta":{"_acf_changed":false,"inline_featured_image":false},"product_cat":[135,144],"product_tag":[],"acf":[],"aioseo_notices":[],"_links":{"self":[{"href":"https:\/\/ventspils.citro.lv\/ru\/wp-json\/wp\/v2\/product\/164258"}],"collection":[{"href":"https:\/\/ventspils.citro.lv\/ru\/wp-json\/wp\/v2\/product"}],"about":[{"href":"https:\/\/ventspils.citro.lv\/ru\/wp-json\/wp\/v2\/types\/product"}],"wp:featuredmedia":[{"embeddable":true,"href":"https:\/\/ventspils.citro.lv\/ru\/wp-json\/wp\/v2\/media\/1243009"}],"wp:attachment":[{"href":"https:\/\/ventspils.citro.lv\/ru\/wp-json\/wp\/v2\/media?parent=164258"}],"wp:term":[{"taxonomy":"product_cat","embeddable":true,"href":"https:\/\/ventspils.citro.lv\/ru\/wp-json\/wp\/v2\/product_cat?post=164258"},{"taxonomy":"product_tag","embeddable":true,"href":"https:\/\/ventspils.citro.lv\/ru\/wp-json\/wp\/v2\/product_tag?post=164258"}],"curies":[{"name":"wp","href":"https:\/\/api.w.org\/{rel}","templated":true}]}}