{"id":1642,"date":"2026-03-28T01:15:20","date_gmt":"2026-03-27T23:15:20","guid":{"rendered":"http:\/\/cvent.dev.wmc.lv\/ventspils\/veikals\/mele-zeleja-220g\/"},"modified":"2026-03-28T01:15:25","modified_gmt":"2026-03-27T23:15:25","slug":"mele-zeleja-220g","status":"publish","type":"product","link":"https:\/\/ventspils.citro.lv\/ru\/veikals\/mele-zeleja-220g\/","title":{"rendered":"M\u0113le \u017eelej\u0101 220g"},"content":{"rendered":"","protected":false},"excerpt":{"rendered":"<p>7.23 \u20ac\/kg<\/p>\n","protected":false},"featured_media":1237172,"template":"","meta":{"_acf_changed":false,"inline_featured_image":false},"product_cat":[113,114],"product_tag":[],"acf":[],"aioseo_notices":[],"_links":{"self":[{"href":"https:\/\/ventspils.citro.lv\/ru\/wp-json\/wp\/v2\/product\/1642"}],"collection":[{"href":"https:\/\/ventspils.citro.lv\/ru\/wp-json\/wp\/v2\/product"}],"about":[{"href":"https:\/\/ventspils.citro.lv\/ru\/wp-json\/wp\/v2\/types\/product"}],"wp:featuredmedia":[{"embeddable":true,"href":"https:\/\/ventspils.citro.lv\/ru\/wp-json\/wp\/v2\/media\/1237172"}],"wp:attachment":[{"href":"https:\/\/ventspils.citro.lv\/ru\/wp-json\/wp\/v2\/media?parent=1642"}],"wp:term":[{"taxonomy":"product_cat","embeddable":true,"href":"https:\/\/ventspils.citro.lv\/ru\/wp-json\/wp\/v2\/product_cat?post=1642"},{"taxonomy":"product_tag","embeddable":true,"href":"https:\/\/ventspils.citro.lv\/ru\/wp-json\/wp\/v2\/product_tag?post=1642"}],"curies":[{"name":"wp","href":"https:\/\/api.w.org\/{rel}","templated":true}]}}