{"id":1640,"date":"2026-01-26T00:54:30","date_gmt":"2026-01-25T22:54:30","guid":{"rendered":"http:\/\/cvent.dev.wmc.lv\/ventspils\/veikals\/karbonade-cepta\/"},"modified":"2026-01-26T00:54:42","modified_gmt":"2026-01-25T22:54:42","slug":"karbonade-cepta","status":"publish","type":"product","link":"https:\/\/ventspils.citro.lv\/ru\/veikals\/karbonade-cepta\/","title":{"rendered":"Karbon\u0101de cepta"},"content":{"rendered":"<p>Sast\u0101vda\u013cas: c\u016bkga\u013ca, OLAS, augu e\u013c\u013ca, KVIE\u0160U milti, majon\u0113ze (rap\u0161u e\u013c\u013ca, \u016bdens, OLU pulveris , V\u0100JPIENA pulveris, cukurs, modific\u0113ta ciete, s\u0101buma regul\u0113t\u0101ji (eti\u0137sk\u0101be, piensk\u0101be), biezin\u0101t\u0101ji (gu\u0101ra sve\u0137i, ksant\u0101na sve\u0137i), konservanti (k\u0101lija sorb\u0101ts, n\u0101trija benzo\u0101ts), aromatiz\u0113t\u0101js, kr\u0101sviela (beta karot\u012bns)), gar\u0161viela ga\u013cai (s\u0101ls 49%, s\u012bpoli drupin\u0101ti, melnie pipari, sald\u0101 paprika, gar\u0161as pastiprin\u0101t\u0101js n\u0101trija glutam\u0101ts, \u0137iploki, as\u0101 paprika, cukurs, ingvers, muskatrieksti, pretsalipes viela (sil\u012bcija dioks\u012bds)), p\u0101rtikas s\u0101ls. 100 g produkta satur:  ener\u0123\u0113tisk\u0101 v\u0113rt\u012bba : 1370KJ\/330kcal,  tauki 25,9 g, tostarp pies\u0101tin\u0101t\u0101s tauksk\u0101bes 2,6 g, og\u013chidr\u0101ti 7,9 g, tostarp cukurs 0,7 g, \u0161\u0137iedrvielas 0,4 g, olbaltumvielas 15,4 g, s\u0101ls 1,6 g. Uzglab\u0101\u0161anas temperat\u016bra : +2&#8230;+6 C. Izlietot l\u012bdz: nor\u0101d\u012bts uz iepakojuma. Ra\u017eot\u0101js: SIA Di\u0101na Bistro, Andreja iela 5, Ventspils.<\/p>\n","protected":false},"excerpt":{"rendered":"<p>1.69 \u20ac\/gb<\/p>\n","protected":false},"featured_media":1198008,"template":"","meta":{"_acf_changed":false,"inline_featured_image":false},"product_cat":[113,114],"product_tag":[],"acf":[],"aioseo_notices":[],"_links":{"self":[{"href":"https:\/\/ventspils.citro.lv\/ru\/wp-json\/wp\/v2\/product\/1640"}],"collection":[{"href":"https:\/\/ventspils.citro.lv\/ru\/wp-json\/wp\/v2\/product"}],"about":[{"href":"https:\/\/ventspils.citro.lv\/ru\/wp-json\/wp\/v2\/types\/product"}],"wp:featuredmedia":[{"embeddable":true,"href":"https:\/\/ventspils.citro.lv\/ru\/wp-json\/wp\/v2\/media\/1198008"}],"wp:attachment":[{"href":"https:\/\/ventspils.citro.lv\/ru\/wp-json\/wp\/v2\/media?parent=1640"}],"wp:term":[{"taxonomy":"product_cat","embeddable":true,"href":"https:\/\/ventspils.citro.lv\/ru\/wp-json\/wp\/v2\/product_cat?post=1640"},{"taxonomy":"product_tag","embeddable":true,"href":"https:\/\/ventspils.citro.lv\/ru\/wp-json\/wp\/v2\/product_tag?post=1640"}],"curies":[{"name":"wp","href":"https:\/\/api.w.org\/{rel}","templated":true}]}}