{"id":1636,"date":"2026-04-21T00:52:53","date_gmt":"2026-04-20T21:52:53","guid":{"rendered":"http:\/\/cvent.dev.wmc.lv\/ventspils\/veikals\/torte-auglu\/"},"modified":"2026-04-21T00:53:01","modified_gmt":"2026-04-20T21:53:01","slug":"torte-auglu-500g","status":"publish","type":"product","link":"https:\/\/ventspils.citro.lv\/ru\/veikals\/torte-auglu-500g\/","title":{"rendered":"Torte Aug\u013cu  500g"},"content":{"rendered":"<p>Sast\u0101vsDz\u0113rve\u0146u iev., putukr\u0113jums uz augu tauku b\u0101zes, cukurs, kaltkr\u0113ms,OLAS,KVIE\u0160U MILTI,MARGAR\u012aNS, persiku pus\u012btes konserv\u0113tas, kivi, bumbieri konserv\u0113ti, \u017deleja Clarissimo, dz\u0113rvenes. Uzglab\u0101sanas tempr.+2+6.Ra\u017eot\u0101js Sia Di\u0101na Bistro.<\/p>\n","protected":false},"excerpt":{"rendered":"<p>10.98 \u20ac\/kg<\/p>\n","protected":false},"featured_media":1247536,"template":"","meta":{"_acf_changed":false,"inline_featured_image":false},"product_cat":[109,220],"product_tag":[],"acf":[],"aioseo_notices":[],"_links":{"self":[{"href":"https:\/\/ventspils.citro.lv\/ru\/wp-json\/wp\/v2\/product\/1636"}],"collection":[{"href":"https:\/\/ventspils.citro.lv\/ru\/wp-json\/wp\/v2\/product"}],"about":[{"href":"https:\/\/ventspils.citro.lv\/ru\/wp-json\/wp\/v2\/types\/product"}],"wp:featuredmedia":[{"embeddable":true,"href":"https:\/\/ventspils.citro.lv\/ru\/wp-json\/wp\/v2\/media\/1247536"}],"wp:attachment":[{"href":"https:\/\/ventspils.citro.lv\/ru\/wp-json\/wp\/v2\/media?parent=1636"}],"wp:term":[{"taxonomy":"product_cat","embeddable":true,"href":"https:\/\/ventspils.citro.lv\/ru\/wp-json\/wp\/v2\/product_cat?post=1636"},{"taxonomy":"product_tag","embeddable":true,"href":"https:\/\/ventspils.citro.lv\/ru\/wp-json\/wp\/v2\/product_tag?post=1636"}],"curies":[{"name":"wp","href":"https:\/\/api.w.org\/{rel}","templated":true}]}}