{"id":1635,"date":"2026-03-17T03:19:24","date_gmt":"2026-03-17T01:19:24","guid":{"rendered":"http:\/\/cvent.dev.wmc.lv\/ventspils\/veikals\/ponciki-ar-galu\/"},"modified":"2026-04-23T11:59:53","modified_gmt":"2026-04-23T08:59:53","slug":"ponciks-ar-galu-citro","status":"publish","type":"product","link":"https:\/\/ventspils.citro.lv\/ru\/veikals\/ponciks-ar-galu-citro\/","title":{"rendered":"Pon\u010diks ar ga\u013cu Citro"},"content":{"rendered":"<p>Sast\u0101vda\u013cas: m\u012bkla (KVIE\u0160U milti, \u016bdens, e\u013c\u013ca, cukurs, KEF\u012aRS ( PIENS, ieraugs , D vitam\u012bns),  raugs pres\u0113tais, p\u0101rtikas s\u0101ls), c\u016bkga\u013ca (26%), e\u013c\u013ca, p\u0101rtikas s\u0101ls. 100 g produkta satur : ener\u0123\u0113tisk\u0101 v\u0113rt\u012bba: 1278 KJ\/305 kcal,  tauki 16 g, tostarp pies\u0101t\u0101s tauksk\u0101bes 2,3 g, og\u013chidr\u0101ti 28 g, tostarp cukurs 3 g, \u0161\u0137iedrvielas 1,7 g, olbaltumvielas 12 g, s\u0101ls 0,3 g. Uzglab.temp.: istabas temperat\u016br\u0101. Izlietot l\u012bdz: nor\u0101d\u012bts uz iepakojuma. Ra\u017eot\u0101js: SIA Di\u0101na Bistro, Andreja iela 5, Ventspils.<\/p>\n","protected":false},"excerpt":{"rendered":"<p>0.79 \u20ac\/gb<\/p>\n","protected":false},"featured_media":1226244,"template":"","meta":{"_acf_changed":false,"inline_featured_image":false},"product_cat":[109,110],"product_tag":[],"acf":[],"aioseo_notices":[],"_links":{"self":[{"href":"https:\/\/ventspils.citro.lv\/ru\/wp-json\/wp\/v2\/product\/1635"}],"collection":[{"href":"https:\/\/ventspils.citro.lv\/ru\/wp-json\/wp\/v2\/product"}],"about":[{"href":"https:\/\/ventspils.citro.lv\/ru\/wp-json\/wp\/v2\/types\/product"}],"wp:featuredmedia":[{"embeddable":true,"href":"https:\/\/ventspils.citro.lv\/ru\/wp-json\/wp\/v2\/media\/1226244"}],"wp:attachment":[{"href":"https:\/\/ventspils.citro.lv\/ru\/wp-json\/wp\/v2\/media?parent=1635"}],"wp:term":[{"taxonomy":"product_cat","embeddable":true,"href":"https:\/\/ventspils.citro.lv\/ru\/wp-json\/wp\/v2\/product_cat?post=1635"},{"taxonomy":"product_tag","embeddable":true,"href":"https:\/\/ventspils.citro.lv\/ru\/wp-json\/wp\/v2\/product_tag?post=1635"}],"curies":[{"name":"wp","href":"https:\/\/api.w.org\/{rel}","templated":true}]}}