{"id":16335,"date":"2026-03-13T03:18:13","date_gmt":"2026-03-13T01:18:13","guid":{"rendered":"https:\/\/ventspils.citro.lv\/veikals\/ella-iecavnieks-rapsu-auksti-spiesta-0-75l\/"},"modified":"2026-03-13T03:18:18","modified_gmt":"2026-03-13T01:18:18","slug":"ella-iecavnieks-rapsu-auksti-spiesta-0-75l","status":"publish","type":"product","link":"https:\/\/ventspils.citro.lv\/ru\/veikals\/ella-iecavnieks-rapsu-auksti-spiesta-0-75l\/","title":{"rendered":"E\u013c\u013ca Iecavnieks rap\u0161u auksti spiesta 0.75l"},"content":{"rendered":"","protected":false},"excerpt":{"rendered":"<p>5.59 \u20ac\/l<\/p>\n","protected":false},"featured_media":1224955,"template":"","meta":{"_acf_changed":false,"inline_featured_image":false},"product_cat":[116,164],"product_tag":[],"acf":[],"aioseo_notices":[],"_links":{"self":[{"href":"https:\/\/ventspils.citro.lv\/ru\/wp-json\/wp\/v2\/product\/16335"}],"collection":[{"href":"https:\/\/ventspils.citro.lv\/ru\/wp-json\/wp\/v2\/product"}],"about":[{"href":"https:\/\/ventspils.citro.lv\/ru\/wp-json\/wp\/v2\/types\/product"}],"wp:featuredmedia":[{"embeddable":true,"href":"https:\/\/ventspils.citro.lv\/ru\/wp-json\/wp\/v2\/media\/1224955"}],"wp:attachment":[{"href":"https:\/\/ventspils.citro.lv\/ru\/wp-json\/wp\/v2\/media?parent=16335"}],"wp:term":[{"taxonomy":"product_cat","embeddable":true,"href":"https:\/\/ventspils.citro.lv\/ru\/wp-json\/wp\/v2\/product_cat?post=16335"},{"taxonomy":"product_tag","embeddable":true,"href":"https:\/\/ventspils.citro.lv\/ru\/wp-json\/wp\/v2\/product_tag?post=16335"}],"curies":[{"name":"wp","href":"https:\/\/api.w.org\/{rel}","templated":true}]}}