{"id":1633,"date":"2025-11-28T02:39:36","date_gmt":"2025-11-28T00:39:36","guid":{"rendered":"http:\/\/cvent.dev.wmc.lv\/ventspils\/veikals\/pica-vistas\/"},"modified":"2026-04-12T14:07:39","modified_gmt":"2026-04-12T11:07:39","slug":"pica-vistas","status":"publish","type":"product","link":"https:\/\/ventspils.citro.lv\/ru\/veikals\/pica-vistas\/","title":{"rendered":"Pica vistas"},"content":{"rendered":"<p>Sast\u0101vda\u013cas: m\u012bkla (KVIE\u0160U milti, \u016bdens, e\u013c\u013ca, cukurs, raugs pres\u0113tais, p\u0101rtikas s\u0101ls), vistas ga\u013ca (25%), siera izstr\u0101d\u0101jums  (pasteriz\u0113ts PIENS, augu tauki (palmu)24%, p\u0101rtikas s\u0101ls, konservants E252, siera ieraugs, renins, p\u0101rtikas kr\u0101sviela-beta karot\u012bns), tom\u0101ts, MAJON\u0112ZE (rap\u0161u e\u013c\u013ca, \u016bdens, OLU pulveris , V\u0100JPIENA pulveris, cukurs, modific\u0113ta ciete, s\u0101ls, sk\u0101buma regul\u0113t\u0101ji (eti\u0137sk\u0101be, piensk\u0101be), biezin\u0101t\u0101ji (gu\u0101ra sve\u0137i, ksant\u0101na sve\u0137i), konservanti (k\u0101lija sorb\u0101ts, n\u0101trija benzo\u0101ts), aromatiz\u0113t\u0101js, kr\u0101sviela (beta karot\u012bns)), ke\u010dups (dzeramais \u016bdens, tom\u0101tu pasta (18%), modific\u0113ta kartupe\u013cu ciete, cukurs, p\u0101rtikas s\u0101ls, sk\u0101buma  regul\u0113t\u0101js (eti\u0137sk\u0101be), konservanti: E211,8202, stabiliz\u0113t\u0101js :8412,  tom\u0101tu aromatiz\u0113t\u0101js, saldin\u0101t\u0101js: sahar\u012bns;  antioksidants (askorb\u012bnsk\u0101be).100 g produkta satur : ener\u0123\u0113tisk\u0101 v\u0113rt\u012bba: 1326 KJ\/317 kcal,  tauki 17 g, tostarp pies\u0101t. Tauksk\u0101bes 7 g, og\u013chidr\u0101ti 27 g, tostarp cukurs 5 g, \u0161\u0137iedrvielas 1,4 g, olbaltumvielas 13 g, s\u0101ls 1 g. Uzglab.temp.: istabas temperat\u016br\u0101. Izlietot l\u012bdz: nor\u0101d\u012bts uz iepakojuma. Ra\u017eot\u0101js: SIA Di\u0101na Bistro, Andreja iela 5, Ventspils.<\/p>\n","protected":false},"excerpt":{"rendered":"<p>6.57 \u20ac\/kg<\/p>\n","protected":false},"featured_media":1166461,"template":"","meta":{"_acf_changed":false,"inline_featured_image":false},"product_cat":[109,110],"product_tag":[],"acf":[],"aioseo_notices":[],"_links":{"self":[{"href":"https:\/\/ventspils.citro.lv\/ru\/wp-json\/wp\/v2\/product\/1633"}],"collection":[{"href":"https:\/\/ventspils.citro.lv\/ru\/wp-json\/wp\/v2\/product"}],"about":[{"href":"https:\/\/ventspils.citro.lv\/ru\/wp-json\/wp\/v2\/types\/product"}],"wp:featuredmedia":[{"embeddable":true,"href":"https:\/\/ventspils.citro.lv\/ru\/wp-json\/wp\/v2\/media\/1166461"}],"wp:attachment":[{"href":"https:\/\/ventspils.citro.lv\/ru\/wp-json\/wp\/v2\/media?parent=1633"}],"wp:term":[{"taxonomy":"product_cat","embeddable":true,"href":"https:\/\/ventspils.citro.lv\/ru\/wp-json\/wp\/v2\/product_cat?post=1633"},{"taxonomy":"product_tag","embeddable":true,"href":"https:\/\/ventspils.citro.lv\/ru\/wp-json\/wp\/v2\/product_tag?post=1633"}],"curies":[{"name":"wp","href":"https:\/\/api.w.org\/{rel}","templated":true}]}}