{"id":16327,"date":"2026-03-06T01:09:14","date_gmt":"2026-03-05T23:09:14","guid":{"rendered":"https:\/\/ventspils.citro.lv\/veikals\/pelmeni-mazulisi-700g\/"},"modified":"2026-03-24T13:31:00","modified_gmt":"2026-03-24T11:31:00","slug":"pelmeni-mazulisi-700g","status":"publish","type":"product","link":"https:\/\/ventspils.citro.lv\/ru\/veikals\/pelmeni-mazulisi-700g\/","title":{"rendered":"Pelme\u0146i Mazul\u012b\u0161i 700g"},"content":{"rendered":"","protected":false},"excerpt":{"rendered":"<p>4.84 \u20ac\/kg<\/p>\n","protected":false},"featured_media":1221865,"template":"","meta":{"_acf_changed":false,"inline_featured_image":false},"product_cat":[539,231],"product_tag":[],"acf":[],"aioseo_notices":[],"_links":{"self":[{"href":"https:\/\/ventspils.citro.lv\/ru\/wp-json\/wp\/v2\/product\/16327"}],"collection":[{"href":"https:\/\/ventspils.citro.lv\/ru\/wp-json\/wp\/v2\/product"}],"about":[{"href":"https:\/\/ventspils.citro.lv\/ru\/wp-json\/wp\/v2\/types\/product"}],"wp:featuredmedia":[{"embeddable":true,"href":"https:\/\/ventspils.citro.lv\/ru\/wp-json\/wp\/v2\/media\/1221865"}],"wp:attachment":[{"href":"https:\/\/ventspils.citro.lv\/ru\/wp-json\/wp\/v2\/media?parent=16327"}],"wp:term":[{"taxonomy":"product_cat","embeddable":true,"href":"https:\/\/ventspils.citro.lv\/ru\/wp-json\/wp\/v2\/product_cat?post=16327"},{"taxonomy":"product_tag","embeddable":true,"href":"https:\/\/ventspils.citro.lv\/ru\/wp-json\/wp\/v2\/product_tag?post=16327"}],"curies":[{"name":"wp","href":"https:\/\/api.w.org\/{rel}","templated":true}]}}