{"id":1632,"date":"2026-04-25T00:54:53","date_gmt":"2026-04-24T21:54:53","guid":{"rendered":"http:\/\/cvent.dev.wmc.lv\/ventspils\/veikals\/pica-ar-desu\/"},"modified":"2026-04-25T00:55:03","modified_gmt":"2026-04-24T21:55:03","slug":"pica-ar-desu","status":"publish","type":"product","link":"https:\/\/ventspils.citro.lv\/ru\/veikals\/pica-ar-desu\/","title":{"rendered":"Pica ar desu"},"content":{"rendered":"<p>Sast\u0101vda\u013cas: m\u012bkla (KVIE\u0160U milti, \u016bdens, e\u013c\u013ca, cukurs, raugs pres\u0113tais, p\u0101rtikas s\u0101ls), desa 27%(vistu meh\u0101niski atdal\u012bta ga\u013ca, \u016bdens, c\u016bku spe\u0137is, c\u016bku \u0101das, kartupe\u013cu ciete, s\u0101ls, konservants E250 , SOJAS olbaltumvielas, stabiliz\u0113t\u0101ji E412, E407,E425, E451,kr\u0101sviela E120, gar\u0161as pastiprin\u0101t\u0101js E621, antioksidants E300, aromatiz\u0113t\u0101ji), siera izstr\u0101d\u0101jums  (pasteriz\u0113ts PIENS, augu tauki (palmu)24%, p\u0101rtikas s\u0101ls, konservants E252, siera ieraugs, renins, p\u0101rtikas kr\u0101sviela-beta karot\u012bns), ke\u010dups (dzeramais \u016bdens, tom\u0101tu pasta (18%), modificeta kartupe\u013cu ciete,  sk\u0101buma regul\u0113tajs, konservanti: E211, 8202, stabiliz\u0113t\u0101js: 8412, tom\u0101tu aromatiz\u0113tajs, saldin\u0101tajs: sahar\u012bns, antioksidants: askorb\u012bnsk\u0101be).100 g produkta satur : ener\u0123\u0113tisk\u0101 v\u0113rt\u012bba: 1193 KJ\/284 kcal,  tauki 15,2 g, tostarp pies\u0101t. Tauksk\u0101bes 6,4 g, og\u013chidr\u0101ti 24 g, tostarp cukurs 4,3 g, \u0161\u0137iedrvielas 1,2 g, olbaltumvielas 12 g, s\u0101ls 1,4 g. Uzglab.temp.: istabas temperat\u016br\u0101. Izlietot l\u012bdz: nor\u0101d\u012bts uz iepakojuma. Ra\u017eot\u0101js: SIA Di\u0101na Bistro, Andreja iela 5, Ventspils.<\/p>\n","protected":false},"excerpt":{"rendered":"<p>6.79 \u20ac\/kg<\/p>\n","protected":false},"featured_media":1253511,"template":"","meta":{"_acf_changed":false,"inline_featured_image":false},"product_cat":[109,110],"product_tag":[],"acf":[],"aioseo_notices":[],"_links":{"self":[{"href":"https:\/\/ventspils.citro.lv\/ru\/wp-json\/wp\/v2\/product\/1632"}],"collection":[{"href":"https:\/\/ventspils.citro.lv\/ru\/wp-json\/wp\/v2\/product"}],"about":[{"href":"https:\/\/ventspils.citro.lv\/ru\/wp-json\/wp\/v2\/types\/product"}],"wp:featuredmedia":[{"embeddable":true,"href":"https:\/\/ventspils.citro.lv\/ru\/wp-json\/wp\/v2\/media\/1253511"}],"wp:attachment":[{"href":"https:\/\/ventspils.citro.lv\/ru\/wp-json\/wp\/v2\/media?parent=1632"}],"wp:term":[{"taxonomy":"product_cat","embeddable":true,"href":"https:\/\/ventspils.citro.lv\/ru\/wp-json\/wp\/v2\/product_cat?post=1632"},{"taxonomy":"product_tag","embeddable":true,"href":"https:\/\/ventspils.citro.lv\/ru\/wp-json\/wp\/v2\/product_tag?post=1632"}],"curies":[{"name":"wp","href":"https:\/\/api.w.org\/{rel}","templated":true}]}}