{"id":1631,"date":"2026-05-12T03:06:03","date_gmt":"2026-05-12T00:06:03","guid":{"rendered":"http:\/\/cvent.dev.wmc.lv\/ventspils\/veikals\/bulcina-magonu\/"},"modified":"2026-05-12T03:06:16","modified_gmt":"2026-05-12T00:06:16","slug":"magonmaizite-citro","status":"publish","type":"product","link":"https:\/\/ventspils.citro.lv\/ru\/veikals\/magonmaizite-citro\/","title":{"rendered":"Mago\u0146maiz\u012bte Citro"},"content":{"rendered":"<p>Sast\u0101vda\u013cas : m\u012bkla (KVIE\u0160U milti, \u016bdens, MARGAR\u012aNS (augu e\u013c\u013cas (rap\u0161u, palmu), \u016bdens, s\u0101ls, emulgatori (rap\u0161u lecit\u012bns; tauksk\u0101bju mono- un diglicer\u012bdi), sk\u0101buma regul\u0113t\u0101js (citronsk\u0101be), aromatiz\u0113t\u0101js dab\u012bgs, kr\u0101sviela (beta karot\u012bns)), cukurs, raugs, p\u0101rtikas s\u0101ls), cukura glaz\u016bra (cukurs, glikozes s\u012brups), \u016bdens, magones, OLAS, MARGAR\u012aNS (augu e\u013c\u013cas (rap\u0161u, palmu), \u016bdens, s\u0101ls, emulgatori(rap\u0161u lecit\u012bns; tauksk\u0101bju mono- un diglicer\u012bdi), sk\u0101buma regul\u0113t\u0101js (citronsk\u0101be), aromatiz\u0113t\u0101js dab\u012bgs, kr\u0101sviela (beta karot\u012bns) ), kakao (kakao pulveris ar samazin\u0101tu tauku saturu (alkaliz\u0113t)), cukurs. 100 g produkta satur : ener\u0123\u0113tisk\u0101 v\u0113rt\u012bba: 2007 KJ\/479 kcal,  tauki 23 g, tostarp pies\u0101t. Tauksk\u0101bes 8,6 g, og\u013chidr\u0101ti 56 g, tostarp cukurs 29 g, \u0161\u0137iedrvielas 4,8 g, olbaltumvielas 9,6 g, s\u0101ls 0,5 g. Uzglab.temp.: istabas temperat\u016br\u0101. Izlietot l\u012bdz: nor\u0101d\u012bts uz iepakojuma. Ra\u017eot\u0101js: SIA Di\u0101na Bistro, Andreja iela 5, Ventspils.<\/p>\n","protected":false},"excerpt":{"rendered":"<p>0.59 \u20ac\/gb<\/p>\n","protected":false},"featured_media":1258468,"template":"","meta":{"_acf_changed":false,"inline_featured_image":false},"product_cat":[109,110],"product_tag":[],"acf":[],"aioseo_notices":[],"_links":{"self":[{"href":"https:\/\/ventspils.citro.lv\/ru\/wp-json\/wp\/v2\/product\/1631"}],"collection":[{"href":"https:\/\/ventspils.citro.lv\/ru\/wp-json\/wp\/v2\/product"}],"about":[{"href":"https:\/\/ventspils.citro.lv\/ru\/wp-json\/wp\/v2\/types\/product"}],"wp:featuredmedia":[{"embeddable":true,"href":"https:\/\/ventspils.citro.lv\/ru\/wp-json\/wp\/v2\/media\/1258468"}],"wp:attachment":[{"href":"https:\/\/ventspils.citro.lv\/ru\/wp-json\/wp\/v2\/media?parent=1631"}],"wp:term":[{"taxonomy":"product_cat","embeddable":true,"href":"https:\/\/ventspils.citro.lv\/ru\/wp-json\/wp\/v2\/product_cat?post=1631"},{"taxonomy":"product_tag","embeddable":true,"href":"https:\/\/ventspils.citro.lv\/ru\/wp-json\/wp\/v2\/product_tag?post=1631"}],"curies":[{"name":"wp","href":"https:\/\/api.w.org\/{rel}","templated":true}]}}