{"id":163084,"date":"2026-04-21T01:18:02","date_gmt":"2026-04-20T22:18:02","guid":{"rendered":"https:\/\/ventspils.citro.lv\/veikals\/kaposti-stoveti-citro-500-g\/"},"modified":"2026-04-21T01:18:12","modified_gmt":"2026-04-20T22:18:12","slug":"kaposti-stoveti-citro-500g","status":"publish","type":"product","link":"https:\/\/ventspils.citro.lv\/ru\/veikals\/kaposti-stoveti-citro-500g\/","title":{"rendered":"K\u0101posti \u0161tov\u0113ti Citro 500g"},"content":{"rendered":"<p>Sast\u0101vda\u013cas:k\u0101posti sk\u0101b\u0113ti,k\u0101posti svaigi,burk\u0101ni,s\u012bpoli,tom\u0101tu pasta,\u016bdens,cukurs,augu e\u013c\u013ca,\u0137iploki,p\u0101rtikas s\u0101ls,melni malti pipari.  Uzgl.+2 +6. Ra\u017eot\u0101js SIA Bistro<\/p>\n","protected":false},"excerpt":{"rendered":"<p>3.98 \u20ac\/kg<\/p>\n","protected":false},"featured_media":1247613,"template":"","meta":{"_acf_changed":false,"inline_featured_image":false},"product_cat":[97,159],"product_tag":[],"acf":[],"aioseo_notices":[],"_links":{"self":[{"href":"https:\/\/ventspils.citro.lv\/ru\/wp-json\/wp\/v2\/product\/163084"}],"collection":[{"href":"https:\/\/ventspils.citro.lv\/ru\/wp-json\/wp\/v2\/product"}],"about":[{"href":"https:\/\/ventspils.citro.lv\/ru\/wp-json\/wp\/v2\/types\/product"}],"wp:featuredmedia":[{"embeddable":true,"href":"https:\/\/ventspils.citro.lv\/ru\/wp-json\/wp\/v2\/media\/1247613"}],"wp:attachment":[{"href":"https:\/\/ventspils.citro.lv\/ru\/wp-json\/wp\/v2\/media?parent=163084"}],"wp:term":[{"taxonomy":"product_cat","embeddable":true,"href":"https:\/\/ventspils.citro.lv\/ru\/wp-json\/wp\/v2\/product_cat?post=163084"},{"taxonomy":"product_tag","embeddable":true,"href":"https:\/\/ventspils.citro.lv\/ru\/wp-json\/wp\/v2\/product_tag?post=163084"}],"curies":[{"name":"wp","href":"https:\/\/api.w.org\/{rel}","templated":true}]}}