{"id":163022,"date":"2026-03-13T04:51:26","date_gmt":"2026-03-13T02:51:26","guid":{"rendered":"https:\/\/ventspils.citro.lv\/veikals\/merce-klasiska-barbekju-mississippi-510g\/"},"modified":"2026-03-13T04:51:31","modified_gmt":"2026-03-13T02:51:31","slug":"merce-klasiska-barbekju-mississippi-510g","status":"publish","type":"product","link":"https:\/\/ventspils.citro.lv\/ru\/veikals\/merce-klasiska-barbekju-mississippi-510g\/","title":{"rendered":"M\u0113rce klasisk\u0101 b\u0101rbekju Mississippi 510g\u00a0\u00a0\u00a0\u00a0"},"content":{"rendered":"","protected":false},"excerpt":{"rendered":"<p>8.80 \u20ac\/kg<\/p>\n","protected":false},"featured_media":1225349,"template":"","meta":{"_acf_changed":false,"inline_featured_image":false},"product_cat":[116,148],"product_tag":[],"acf":[],"aioseo_notices":[],"_links":{"self":[{"href":"https:\/\/ventspils.citro.lv\/ru\/wp-json\/wp\/v2\/product\/163022"}],"collection":[{"href":"https:\/\/ventspils.citro.lv\/ru\/wp-json\/wp\/v2\/product"}],"about":[{"href":"https:\/\/ventspils.citro.lv\/ru\/wp-json\/wp\/v2\/types\/product"}],"wp:featuredmedia":[{"embeddable":true,"href":"https:\/\/ventspils.citro.lv\/ru\/wp-json\/wp\/v2\/media\/1225349"}],"wp:attachment":[{"href":"https:\/\/ventspils.citro.lv\/ru\/wp-json\/wp\/v2\/media?parent=163022"}],"wp:term":[{"taxonomy":"product_cat","embeddable":true,"href":"https:\/\/ventspils.citro.lv\/ru\/wp-json\/wp\/v2\/product_cat?post=163022"},{"taxonomy":"product_tag","embeddable":true,"href":"https:\/\/ventspils.citro.lv\/ru\/wp-json\/wp\/v2\/product_tag?post=163022"}],"curies":[{"name":"wp","href":"https:\/\/api.w.org\/{rel}","templated":true}]}}