{"id":1630,"date":"2025-04-17T01:45:53","date_gmt":"2025-04-16T22:45:53","guid":{"rendered":"http:\/\/cvent.dev.wmc.lv\/ventspils\/veikals\/bulcina-kanela\/"},"modified":"2026-03-18T10:25:41","modified_gmt":"2026-03-18T08:25:41","slug":"bulcina-kanela","status":"publish","type":"product","link":"https:\/\/ventspils.citro.lv\/ru\/veikals\/bulcina-kanela\/","title":{"rendered":"Bulci\u0146a kan\u0113\u013ca"},"content":{"rendered":"<p>Sast\u0101vda\u013cas : m\u012bkla (KVIE\u0160U milti, \u016bdens, MARGAR\u012aNS (augu e\u013c\u013cas (rap\u0161u, palmu), \u016bdens, s\u0101ls, emulgatori(rap\u0161u lecit\u012bns; tauksk\u0101bju mono- un diglicer\u012bdi), sk\u0101buma regul\u0113t\u0101js (citronsk\u0101be), aromatiz\u0113t\u0101js dab\u012bgs, kr\u0101sviela (beta karot\u012bns)), cukurs, raugs, p\u0101rtikas s\u0101ls), cukurs, \u016bdens, OLAS, kan\u0113lis.100 g produkta satur : ener\u0123\u0113tisk\u0101 v\u0113rt\u012bba: 1635 KJ\/389 kcal,  tauki 13 g, tostarp pies\u0101t. tauksk\u0101bes 6 g, og\u013chidr\u0101ti 58 g, tostarp cukurs 29 g, \u0161\u0137iedrvielas 2 g, olbaltumvielas 8 g, s\u0101ls 0,6 g. Uzglab.temp.: istabas temperat\u016br\u0101. Izlietot l\u012bdz: nor\u0101d\u012bts uz iepakojuma. Ra\u017eot\u0101js: SIA Di\u0101na Bistro, Andreja iela 5, Ventspils.Latvija<\/p>\n","protected":false},"excerpt":{"rendered":"<p>0.52 \u20ac\/gb<\/p>\n","protected":false},"featured_media":1032460,"template":"","meta":{"_acf_changed":false,"inline_featured_image":false},"product_cat":[109,110],"product_tag":[],"acf":[],"aioseo_notices":[],"_links":{"self":[{"href":"https:\/\/ventspils.citro.lv\/ru\/wp-json\/wp\/v2\/product\/1630"}],"collection":[{"href":"https:\/\/ventspils.citro.lv\/ru\/wp-json\/wp\/v2\/product"}],"about":[{"href":"https:\/\/ventspils.citro.lv\/ru\/wp-json\/wp\/v2\/types\/product"}],"wp:featuredmedia":[{"embeddable":true,"href":"https:\/\/ventspils.citro.lv\/ru\/wp-json\/wp\/v2\/media\/1032460"}],"wp:attachment":[{"href":"https:\/\/ventspils.citro.lv\/ru\/wp-json\/wp\/v2\/media?parent=1630"}],"wp:term":[{"taxonomy":"product_cat","embeddable":true,"href":"https:\/\/ventspils.citro.lv\/ru\/wp-json\/wp\/v2\/product_cat?post=1630"},{"taxonomy":"product_tag","embeddable":true,"href":"https:\/\/ventspils.citro.lv\/ru\/wp-json\/wp\/v2\/product_tag?post=1630"}],"curies":[{"name":"wp","href":"https:\/\/api.w.org\/{rel}","templated":true}]}}