{"id":162972,"date":"2026-03-17T06:51:34","date_gmt":"2026-03-17T04:51:34","guid":{"rendered":"https:\/\/ventspils.citro.lv\/veikals\/tualetes-papirs-grite-ecological-3slani-8rulli\/"},"modified":"2026-03-28T14:06:07","modified_gmt":"2026-03-28T12:06:07","slug":"tualetes-papirs-grite-ecological-3slani-8rulli","status":"publish","type":"product","link":"https:\/\/ventspils.citro.lv\/ru\/veikals\/tualetes-papirs-grite-ecological-3slani-8rulli\/","title":{"rendered":"Tualetes pap\u012brs Grite Ecological 3sl\u0101\u0146i 8ru\u013c\u013ci"},"content":{"rendered":"","protected":false},"excerpt":{"rendered":"<p>0.41 \u20ac\/gb<\/p>\n","protected":false},"featured_media":1227122,"template":"","meta":{"_acf_changed":false,"inline_featured_image":false},"product_cat":[131,163],"product_tag":[],"acf":[],"aioseo_notices":[],"_links":{"self":[{"href":"https:\/\/ventspils.citro.lv\/ru\/wp-json\/wp\/v2\/product\/162972"}],"collection":[{"href":"https:\/\/ventspils.citro.lv\/ru\/wp-json\/wp\/v2\/product"}],"about":[{"href":"https:\/\/ventspils.citro.lv\/ru\/wp-json\/wp\/v2\/types\/product"}],"wp:featuredmedia":[{"embeddable":true,"href":"https:\/\/ventspils.citro.lv\/ru\/wp-json\/wp\/v2\/media\/1227122"}],"wp:attachment":[{"href":"https:\/\/ventspils.citro.lv\/ru\/wp-json\/wp\/v2\/media?parent=162972"}],"wp:term":[{"taxonomy":"product_cat","embeddable":true,"href":"https:\/\/ventspils.citro.lv\/ru\/wp-json\/wp\/v2\/product_cat?post=162972"},{"taxonomy":"product_tag","embeddable":true,"href":"https:\/\/ventspils.citro.lv\/ru\/wp-json\/wp\/v2\/product_tag?post=162972"}],"curies":[{"name":"wp","href":"https:\/\/api.w.org\/{rel}","templated":true}]}}