{"id":162960,"date":"2026-01-28T21:33:51","date_gmt":"2026-01-28T19:33:51","guid":{"rendered":"https:\/\/ventspils.citro.lv\/veikals\/vienreiz-skivis-23cm-kartona-6gb\/"},"modified":"2026-03-25T15:49:54","modified_gmt":"2026-03-25T13:49:54","slug":"vienreiz-skivis-23cm-kartona-6gb","status":"publish","type":"product","link":"https:\/\/ventspils.citro.lv\/ru\/veikals\/vienreiz-skivis-23cm-kartona-6gb\/","title":{"rendered":"Vienreiz. \u0160\u0137\u012bvis 23cm kartona 6gb"},"content":{"rendered":"<p>(art.13023PO)<\/p>\n","protected":false},"excerpt":{"rendered":"<p>0.99 \u20ac\/gb<\/p>\n","protected":false},"featured_media":1200450,"template":"","meta":{"_acf_changed":false,"inline_featured_image":false},"product_cat":[588,131],"product_tag":[],"acf":[],"aioseo_notices":[],"_links":{"self":[{"href":"https:\/\/ventspils.citro.lv\/ru\/wp-json\/wp\/v2\/product\/162960"}],"collection":[{"href":"https:\/\/ventspils.citro.lv\/ru\/wp-json\/wp\/v2\/product"}],"about":[{"href":"https:\/\/ventspils.citro.lv\/ru\/wp-json\/wp\/v2\/types\/product"}],"wp:featuredmedia":[{"embeddable":true,"href":"https:\/\/ventspils.citro.lv\/ru\/wp-json\/wp\/v2\/media\/1200450"}],"wp:attachment":[{"href":"https:\/\/ventspils.citro.lv\/ru\/wp-json\/wp\/v2\/media?parent=162960"}],"wp:term":[{"taxonomy":"product_cat","embeddable":true,"href":"https:\/\/ventspils.citro.lv\/ru\/wp-json\/wp\/v2\/product_cat?post=162960"},{"taxonomy":"product_tag","embeddable":true,"href":"https:\/\/ventspils.citro.lv\/ru\/wp-json\/wp\/v2\/product_tag?post=162960"}],"curies":[{"name":"wp","href":"https:\/\/api.w.org\/{rel}","templated":true}]}}