{"id":162959,"date":"2026-01-28T21:33:51","date_gmt":"2026-01-28T19:33:51","guid":{"rendered":"https:\/\/ventspils.citro.lv\/veikals\/vienreiz-zupas-skivis-bio-cukurniedru-400ml-balts-6gb\/"},"modified":"2026-03-21T08:40:38","modified_gmt":"2026-03-21T06:40:38","slug":"vienreiz-zupas-skivis-bio-cukurniedru-400ml-balts-6gb","status":"publish","type":"product","link":"https:\/\/ventspils.citro.lv\/ru\/veikals\/vienreiz-zupas-skivis-bio-cukurniedru-400ml-balts-6gb\/","title":{"rendered":"Vienreiz. Zupas \u0161\u0137\u012bvis Bio cukurniedru 400ml balts 6gb"},"content":{"rendered":"<p>13BL40<\/p>\n","protected":false},"excerpt":{"rendered":"<p>1.09 \u20ac\/gb<\/p>\n","protected":false},"featured_media":1200449,"template":"","meta":{"_acf_changed":false,"inline_featured_image":false},"product_cat":[588,131],"product_tag":[],"acf":[],"aioseo_notices":[],"_links":{"self":[{"href":"https:\/\/ventspils.citro.lv\/ru\/wp-json\/wp\/v2\/product\/162959"}],"collection":[{"href":"https:\/\/ventspils.citro.lv\/ru\/wp-json\/wp\/v2\/product"}],"about":[{"href":"https:\/\/ventspils.citro.lv\/ru\/wp-json\/wp\/v2\/types\/product"}],"wp:featuredmedia":[{"embeddable":true,"href":"https:\/\/ventspils.citro.lv\/ru\/wp-json\/wp\/v2\/media\/1200449"}],"wp:attachment":[{"href":"https:\/\/ventspils.citro.lv\/ru\/wp-json\/wp\/v2\/media?parent=162959"}],"wp:term":[{"taxonomy":"product_cat","embeddable":true,"href":"https:\/\/ventspils.citro.lv\/ru\/wp-json\/wp\/v2\/product_cat?post=162959"},{"taxonomy":"product_tag","embeddable":true,"href":"https:\/\/ventspils.citro.lv\/ru\/wp-json\/wp\/v2\/product_tag?post=162959"}],"curies":[{"name":"wp","href":"https:\/\/api.w.org\/{rel}","templated":true}]}}