{"id":162956,"date":"2026-03-13T04:45:25","date_gmt":"2026-03-13T02:45:25","guid":{"rendered":"https:\/\/ventspils.citro.lv\/veikals\/olivella-pomace-donna-sofia-3l\/"},"modified":"2026-03-13T04:45:37","modified_gmt":"2026-03-13T02:45:37","slug":"olivella-pomace-donna-sofia-3l","status":"publish","type":"product","link":"https:\/\/ventspils.citro.lv\/ru\/veikals\/olivella-pomace-donna-sofia-3l\/","title":{"rendered":"Ol\u012bve\u013c\u013ca Pomace Donna Sofia 3l"},"content":{"rendered":"","protected":false},"excerpt":{"rendered":"<p>7.33 \u20ac\/l<\/p>\n","protected":false},"featured_media":1225324,"template":"","meta":{"_acf_changed":false,"inline_featured_image":false},"product_cat":[116,164],"product_tag":[],"acf":[],"aioseo_notices":[],"_links":{"self":[{"href":"https:\/\/ventspils.citro.lv\/ru\/wp-json\/wp\/v2\/product\/162956"}],"collection":[{"href":"https:\/\/ventspils.citro.lv\/ru\/wp-json\/wp\/v2\/product"}],"about":[{"href":"https:\/\/ventspils.citro.lv\/ru\/wp-json\/wp\/v2\/types\/product"}],"wp:featuredmedia":[{"embeddable":true,"href":"https:\/\/ventspils.citro.lv\/ru\/wp-json\/wp\/v2\/media\/1225324"}],"wp:attachment":[{"href":"https:\/\/ventspils.citro.lv\/ru\/wp-json\/wp\/v2\/media?parent=162956"}],"wp:term":[{"taxonomy":"product_cat","embeddable":true,"href":"https:\/\/ventspils.citro.lv\/ru\/wp-json\/wp\/v2\/product_cat?post=162956"},{"taxonomy":"product_tag","embeddable":true,"href":"https:\/\/ventspils.citro.lv\/ru\/wp-json\/wp\/v2\/product_tag?post=162956"}],"curies":[{"name":"wp","href":"https:\/\/api.w.org\/{rel}","templated":true}]}}