{"id":1628,"date":"2026-03-28T01:12:36","date_gmt":"2026-03-27T23:12:36","guid":{"rendered":"http:\/\/cvent.dev.wmc.lv\/ventspils\/veikals\/austinas\/"},"modified":"2026-04-25T10:01:02","modified_gmt":"2026-04-25T07:01:02","slug":"austina-citro","status":"publish","type":"product","link":"https:\/\/ventspils.citro.lv\/ru\/veikals\/austina-citro\/","title":{"rendered":"Austi\u0146a Citro"},"content":{"rendered":"<p>Sast\u0101vda\u013cas : cukurs, KVIE\u0160U milti, margar\u012bns (augu e\u013c\u013ca (palmu, rap\u0161u), \u016bdens, emulgatori: E471, E475, E322, sk\u0101buma regul\u0113t\u0101js: E330, s\u0101ls, konservants: E202, aromatiz\u0113t\u0101js,  kr\u0101sviela: E160b),  \u016bdens, OLA, s\u0101ls, eti\u0137a esence. 100 g produkta satur : ener\u0123\u0113tisk\u0101 v\u0113rt\u012bba: 2573 KJ\/614 kcal,  tauki 28 g, tostarp pies\u0101tin\u0101t\u0101s tauksk\u0101bes 13 g, og\u013chidr\u0101ti 84 g, tostarp cukurs 55 g, \u0161\u0137iedrvielas 1,8 g, olbaltumvielas 6,5 g, s\u0101ls 0,4 g. Uzglab.temp.: istabas temperat\u016br\u0101. Izlietot l\u012bdz: nor\u0101d\u012bts uz iepakojuma. Ra\u017eot\u0101js: SIA Di\u0101na Bistro, Andreja iela 5, Ventspils.Latvija.<\/p>\n","protected":false},"excerpt":{"rendered":"<p>0.65 \u20ac\/gb<\/p>\n","protected":false},"featured_media":1237164,"template":"","meta":{"_acf_changed":false,"inline_featured_image":false},"product_cat":[109,110],"product_tag":[],"acf":[],"aioseo_notices":[],"_links":{"self":[{"href":"https:\/\/ventspils.citro.lv\/ru\/wp-json\/wp\/v2\/product\/1628"}],"collection":[{"href":"https:\/\/ventspils.citro.lv\/ru\/wp-json\/wp\/v2\/product"}],"about":[{"href":"https:\/\/ventspils.citro.lv\/ru\/wp-json\/wp\/v2\/types\/product"}],"wp:featuredmedia":[{"embeddable":true,"href":"https:\/\/ventspils.citro.lv\/ru\/wp-json\/wp\/v2\/media\/1237164"}],"wp:attachment":[{"href":"https:\/\/ventspils.citro.lv\/ru\/wp-json\/wp\/v2\/media?parent=1628"}],"wp:term":[{"taxonomy":"product_cat","embeddable":true,"href":"https:\/\/ventspils.citro.lv\/ru\/wp-json\/wp\/v2\/product_cat?post=1628"},{"taxonomy":"product_tag","embeddable":true,"href":"https:\/\/ventspils.citro.lv\/ru\/wp-json\/wp\/v2\/product_tag?post=1628"}],"curies":[{"name":"wp","href":"https:\/\/api.w.org\/{rel}","templated":true}]}}