{"id":162706,"date":"2026-03-27T07:48:37","date_gmt":"2026-03-27T05:48:37","guid":{"rendered":"https:\/\/ventspils.citro.lv\/veikals\/galetes-bruno-risu-ar-cia-un-gvinoju-seklam-120g\/"},"modified":"2026-03-27T07:48:47","modified_gmt":"2026-03-27T05:48:47","slug":"galetes-bruno-risu-ar-cia-un-gvinoju-seklam-120g","status":"publish","type":"product","link":"https:\/\/ventspils.citro.lv\/ru\/veikals\/galetes-bruno-risu-ar-cia-un-gvinoju-seklam-120g\/","title":{"rendered":"Galetes br\u016bno r\u012bsu ar \u010dia un gvinoju s\u0113kl\u0101m 120g"},"content":{"rendered":"","protected":false},"excerpt":{"rendered":"<p>9.08 \u20ac\/kg<\/p>\n","protected":false},"featured_media":1235912,"template":"","meta":{"_acf_changed":false,"inline_featured_image":false},"product_cat":[535,215],"product_tag":[],"acf":[],"aioseo_notices":[],"_links":{"self":[{"href":"https:\/\/ventspils.citro.lv\/ru\/wp-json\/wp\/v2\/product\/162706"}],"collection":[{"href":"https:\/\/ventspils.citro.lv\/ru\/wp-json\/wp\/v2\/product"}],"about":[{"href":"https:\/\/ventspils.citro.lv\/ru\/wp-json\/wp\/v2\/types\/product"}],"wp:featuredmedia":[{"embeddable":true,"href":"https:\/\/ventspils.citro.lv\/ru\/wp-json\/wp\/v2\/media\/1235912"}],"wp:attachment":[{"href":"https:\/\/ventspils.citro.lv\/ru\/wp-json\/wp\/v2\/media?parent=162706"}],"wp:term":[{"taxonomy":"product_cat","embeddable":true,"href":"https:\/\/ventspils.citro.lv\/ru\/wp-json\/wp\/v2\/product_cat?post=162706"},{"taxonomy":"product_tag","embeddable":true,"href":"https:\/\/ventspils.citro.lv\/ru\/wp-json\/wp\/v2\/product_tag?post=162706"}],"curies":[{"name":"wp","href":"https:\/\/api.w.org\/{rel}","templated":true}]}}