{"id":162703,"date":"2026-04-10T06:27:59","date_gmt":"2026-04-10T03:27:59","guid":{"rendered":"https:\/\/ventspils.citro.lv\/veikals\/galetes-bruno-risu-ar-7-super-seklam-120g\/"},"modified":"2026-04-10T06:28:09","modified_gmt":"2026-04-10T03:28:09","slug":"galetes-bruno-risu-ar-7-super-seklam-120g","status":"publish","type":"product","link":"https:\/\/ventspils.citro.lv\/ru\/veikals\/galetes-bruno-risu-ar-7-super-seklam-120g\/","title":{"rendered":"Galetes br\u016bno r\u012bsu ar 7 super s\u0113kl\u0101m 120g"},"content":{"rendered":"","protected":false},"excerpt":{"rendered":"<p>12.33 \u20ac\/kg<\/p>\n","protected":false},"featured_media":1243392,"template":"","meta":{"_acf_changed":false,"inline_featured_image":false},"product_cat":[535,215],"product_tag":[],"acf":[],"aioseo_notices":[],"_links":{"self":[{"href":"https:\/\/ventspils.citro.lv\/ru\/wp-json\/wp\/v2\/product\/162703"}],"collection":[{"href":"https:\/\/ventspils.citro.lv\/ru\/wp-json\/wp\/v2\/product"}],"about":[{"href":"https:\/\/ventspils.citro.lv\/ru\/wp-json\/wp\/v2\/types\/product"}],"wp:featuredmedia":[{"embeddable":true,"href":"https:\/\/ventspils.citro.lv\/ru\/wp-json\/wp\/v2\/media\/1243392"}],"wp:attachment":[{"href":"https:\/\/ventspils.citro.lv\/ru\/wp-json\/wp\/v2\/media?parent=162703"}],"wp:term":[{"taxonomy":"product_cat","embeddable":true,"href":"https:\/\/ventspils.citro.lv\/ru\/wp-json\/wp\/v2\/product_cat?post=162703"},{"taxonomy":"product_tag","embeddable":true,"href":"https:\/\/ventspils.citro.lv\/ru\/wp-json\/wp\/v2\/product_tag?post=162703"}],"curies":[{"name":"wp","href":"https:\/\/api.w.org\/{rel}","templated":true}]}}