{"id":162623,"date":"2026-05-14T02:01:00","date_gmt":"2026-05-13T23:01:00","guid":{"rendered":"https:\/\/ventspils.citro.lv\/veikals\/doktordesa-varita-viegli-kupinata\/"},"modified":"2026-05-14T02:01:11","modified_gmt":"2026-05-13T23:01:11","slug":"doktordesa-varita-viegli-kupinata","status":"publish","type":"product","link":"https:\/\/ventspils.citro.lv\/ru\/veikals\/doktordesa-varita-viegli-kupinata\/","title":{"rendered":"Doktordesa v\u0101r\u012bta, viegli k\u016bpin\u0101ta"},"content":{"rendered":"<p>Sast\u0101vda\u013cas: c\u016bkga\u013ca, \u016bdens, c\u016bkas spe\u0137is, c\u016bkas \u0101da, vistas ga\u013ca, s\u0101ls, v\u0101jpiena pulveris 1,6%, cukurs, stabilizatori E451, E407, aromatiz\u0113t\u0101ji, gar\u0161vielas, c\u016bkga\u013cas prote\u012bni, antioksidanti E316, E300, E301, sk\u0101buma regul\u0113t\u0101ji E262, E327, E331, glikozes s\u012brups, biezin\u0101t\u0101ji: gu\u0101ra sve\u0137i E412, E425, dekstroze, kr\u0101sviela karm\u012bns, konservants E250. Desas apvalks nav \u0113dams.  No tiem cukurs 0,3g, olbaltumvielas 12,6g, s\u0101ls 1,9g. Uzglab\u0101\u0161anas temperat\u016bra: 0&#8230;+6C.<\/p>\n","protected":false},"excerpt":{"rendered":"<p>5.99 \u20ac\/kg<\/p>\n","protected":false},"featured_media":1260566,"template":"","meta":{"_acf_changed":false,"inline_featured_image":false},"product_cat":[135,144],"product_tag":[],"acf":[],"aioseo_notices":[],"_links":{"self":[{"href":"https:\/\/ventspils.citro.lv\/ru\/wp-json\/wp\/v2\/product\/162623"}],"collection":[{"href":"https:\/\/ventspils.citro.lv\/ru\/wp-json\/wp\/v2\/product"}],"about":[{"href":"https:\/\/ventspils.citro.lv\/ru\/wp-json\/wp\/v2\/types\/product"}],"wp:featuredmedia":[{"embeddable":true,"href":"https:\/\/ventspils.citro.lv\/ru\/wp-json\/wp\/v2\/media\/1260566"}],"wp:attachment":[{"href":"https:\/\/ventspils.citro.lv\/ru\/wp-json\/wp\/v2\/media?parent=162623"}],"wp:term":[{"taxonomy":"product_cat","embeddable":true,"href":"https:\/\/ventspils.citro.lv\/ru\/wp-json\/wp\/v2\/product_cat?post=162623"},{"taxonomy":"product_tag","embeddable":true,"href":"https:\/\/ventspils.citro.lv\/ru\/wp-json\/wp\/v2\/product_tag?post=162623"}],"curies":[{"name":"wp","href":"https:\/\/api.w.org\/{rel}","templated":true}]}}