{"id":162601,"date":"2026-03-18T03:46:01","date_gmt":"2026-03-18T01:46:01","guid":{"rendered":"https:\/\/ventspils.citro.lv\/veikals\/galetes-sonko-risu-ar-saulespuku-seklam-130g\/"},"modified":"2026-03-18T03:46:13","modified_gmt":"2026-03-18T01:46:13","slug":"galetes-sonko-risu-ar-saulespuku-seklam-130g","status":"publish","type":"product","link":"https:\/\/ventspils.citro.lv\/ru\/veikals\/galetes-sonko-risu-ar-saulespuku-seklam-130g\/","title":{"rendered":"Galetes Sonko r\u012bsu ar saulespu\u0137u s\u0113kl\u0101m 130g"},"content":{"rendered":"","protected":false},"excerpt":{"rendered":"<p>11.15 \u20ac\/kg<\/p>\n","protected":false},"featured_media":1228210,"template":"","meta":{"_acf_changed":false,"inline_featured_image":false},"product_cat":[535,215],"product_tag":[],"acf":[],"aioseo_notices":[],"_links":{"self":[{"href":"https:\/\/ventspils.citro.lv\/ru\/wp-json\/wp\/v2\/product\/162601"}],"collection":[{"href":"https:\/\/ventspils.citro.lv\/ru\/wp-json\/wp\/v2\/product"}],"about":[{"href":"https:\/\/ventspils.citro.lv\/ru\/wp-json\/wp\/v2\/types\/product"}],"wp:featuredmedia":[{"embeddable":true,"href":"https:\/\/ventspils.citro.lv\/ru\/wp-json\/wp\/v2\/media\/1228210"}],"wp:attachment":[{"href":"https:\/\/ventspils.citro.lv\/ru\/wp-json\/wp\/v2\/media?parent=162601"}],"wp:term":[{"taxonomy":"product_cat","embeddable":true,"href":"https:\/\/ventspils.citro.lv\/ru\/wp-json\/wp\/v2\/product_cat?post=162601"},{"taxonomy":"product_tag","embeddable":true,"href":"https:\/\/ventspils.citro.lv\/ru\/wp-json\/wp\/v2\/product_tag?post=162601"}],"curies":[{"name":"wp","href":"https:\/\/api.w.org\/{rel}","templated":true}]}}