{"id":16257,"date":"2026-04-24T05:30:47","date_gmt":"2026-04-24T02:30:47","guid":{"rendered":"https:\/\/ventspils.citro.lv\/veikals\/merce-cipsu-krejumasipolulocinu-dipi-15g\/"},"modified":"2026-04-24T05:30:52","modified_gmt":"2026-04-24T02:30:52","slug":"merce-cipsu-krejumasipolulocinu-dipi-15g","status":"publish","type":"product","link":"https:\/\/ventspils.citro.lv\/ru\/veikals\/merce-cipsu-krejumasipolulocinu-dipi-15g\/","title":{"rendered":"M\u0113rce \u010dipsu kr\u0113juma,s\u012bpolu,loci\u0146u Dipi 15g"},"content":{"rendered":"","protected":false},"excerpt":{"rendered":"<p>59.33 \u20ac\/kg<\/p>\n","protected":false},"featured_media":1251774,"template":"","meta":{"_acf_changed":false,"inline_featured_image":false},"product_cat":[116,208],"product_tag":[],"acf":[],"aioseo_notices":[],"_links":{"self":[{"href":"https:\/\/ventspils.citro.lv\/ru\/wp-json\/wp\/v2\/product\/16257"}],"collection":[{"href":"https:\/\/ventspils.citro.lv\/ru\/wp-json\/wp\/v2\/product"}],"about":[{"href":"https:\/\/ventspils.citro.lv\/ru\/wp-json\/wp\/v2\/types\/product"}],"wp:featuredmedia":[{"embeddable":true,"href":"https:\/\/ventspils.citro.lv\/ru\/wp-json\/wp\/v2\/media\/1251774"}],"wp:attachment":[{"href":"https:\/\/ventspils.citro.lv\/ru\/wp-json\/wp\/v2\/media?parent=16257"}],"wp:term":[{"taxonomy":"product_cat","embeddable":true,"href":"https:\/\/ventspils.citro.lv\/ru\/wp-json\/wp\/v2\/product_cat?post=16257"},{"taxonomy":"product_tag","embeddable":true,"href":"https:\/\/ventspils.citro.lv\/ru\/wp-json\/wp\/v2\/product_tag?post=16257"}],"curies":[{"name":"wp","href":"https:\/\/api.w.org\/{rel}","templated":true}]}}