{"id":162511,"date":"2026-02-06T01:12:14","date_gmt":"2026-02-05T23:12:14","guid":{"rendered":"https:\/\/ventspils.citro.lv\/veikals\/rivmaize-rudzu\/"},"modified":"2026-02-06T01:12:25","modified_gmt":"2026-02-05T23:12:25","slug":"rivmaize-rudzu","status":"publish","type":"product","link":"https:\/\/ventspils.citro.lv\/ru\/veikals\/rivmaize-rudzu\/","title":{"rendered":"R\u012bvmaize rudzu"},"content":{"rendered":"<p>Sast\u0101vs:RUDZU MILTI, KVIE\u0160U MILTI, \u016bdens, rafin\u0113tais s\u012brups, RUDZU iesals, KVIE\u0160U klijas, p\u0101rtikas s\u0101ls, raugs, \u0137imenes. Ener\u0123etisk\u0101s uzt\u016brv\u0113rt\u012bbas 100g: 977kj\/231kcl, tauki 1.4g, pies\u0101tin\u0101t\u0101s tauksk\u0101bes 0.3g, og\u013chidr\u0101ti 45g, cukurs 6.2g, \u0161\u0137iedrvielas 0g, olbaltumvielas 5.4g, s\u0101ls 1.1g.Uzgl.tempr.istabas.Ra\u017eot\u0101js Sia Di\u0101na Bistro.Fas\u0113ts:A\/S Di\u0101na Durbes iela 38\/40 Ventspils<\/p>\n","protected":false},"excerpt":{"rendered":"<p>2.69 \u20ac\/kg<\/p>\n","protected":false},"featured_media":1205549,"template":"","meta":{"_acf_changed":false,"inline_featured_image":false},"product_cat":[215,218],"product_tag":[],"acf":[],"aioseo_notices":[],"_links":{"self":[{"href":"https:\/\/ventspils.citro.lv\/ru\/wp-json\/wp\/v2\/product\/162511"}],"collection":[{"href":"https:\/\/ventspils.citro.lv\/ru\/wp-json\/wp\/v2\/product"}],"about":[{"href":"https:\/\/ventspils.citro.lv\/ru\/wp-json\/wp\/v2\/types\/product"}],"wp:featuredmedia":[{"embeddable":true,"href":"https:\/\/ventspils.citro.lv\/ru\/wp-json\/wp\/v2\/media\/1205549"}],"wp:attachment":[{"href":"https:\/\/ventspils.citro.lv\/ru\/wp-json\/wp\/v2\/media?parent=162511"}],"wp:term":[{"taxonomy":"product_cat","embeddable":true,"href":"https:\/\/ventspils.citro.lv\/ru\/wp-json\/wp\/v2\/product_cat?post=162511"},{"taxonomy":"product_tag","embeddable":true,"href":"https:\/\/ventspils.citro.lv\/ru\/wp-json\/wp\/v2\/product_tag?post=162511"}],"curies":[{"name":"wp","href":"https:\/\/api.w.org\/{rel}","templated":true}]}}