{"id":162510,"date":"2026-02-06T01:12:14","date_gmt":"2026-02-05T23:12:14","guid":{"rendered":"https:\/\/ventspils.citro.lv\/veikals\/rivmaize-kviesu\/"},"modified":"2026-02-13T08:45:42","modified_gmt":"2026-02-13T06:45:42","slug":"rivmaize-kviesu","status":"publish","type":"product","link":"https:\/\/ventspils.citro.lv\/ru\/veikals\/rivmaize-kviesu\/","title":{"rendered":"R\u012bvmaize kvie\u0161u"},"content":{"rendered":"<p>Sast\u0101vda\u013cas :KVIE\u0160U MILTI, \u016bdens, raugs, augu e\u013c\u013ca, cukurs, p\u0101rtikas s\u0101ls,fermenti. Ener\u0123etisk\u0101s uzt\u016brv\u0113rt\u012bbas 100g: 1140kj\/270kcl, tauki 2.6g, pies\u0101tin\u0101t\u0101s tauksk\u0101bes 0.3g, og\u013chidr\u0101ti 49.9g, cukurs 1.1g, \u0161\u0137iedrvielas 3.7g, olbaltumvielas 9.8g, s\u0101ls 1.1g.Ra\u017eot\u0101js Sia Di\u0101na Bistro.Fas\u0113ts:A\/S Di\u0101na Durbes iela 38\/40 Ventspil<\/p>\n","protected":false},"excerpt":{"rendered":"<p>2.99 \u20ac\/kg<\/p>\n","protected":false},"featured_media":1205548,"template":"","meta":{"_acf_changed":false,"inline_featured_image":false},"product_cat":[215,218],"product_tag":[],"acf":[],"aioseo_notices":[],"_links":{"self":[{"href":"https:\/\/ventspils.citro.lv\/ru\/wp-json\/wp\/v2\/product\/162510"}],"collection":[{"href":"https:\/\/ventspils.citro.lv\/ru\/wp-json\/wp\/v2\/product"}],"about":[{"href":"https:\/\/ventspils.citro.lv\/ru\/wp-json\/wp\/v2\/types\/product"}],"wp:featuredmedia":[{"embeddable":true,"href":"https:\/\/ventspils.citro.lv\/ru\/wp-json\/wp\/v2\/media\/1205548"}],"wp:attachment":[{"href":"https:\/\/ventspils.citro.lv\/ru\/wp-json\/wp\/v2\/media?parent=162510"}],"wp:term":[{"taxonomy":"product_cat","embeddable":true,"href":"https:\/\/ventspils.citro.lv\/ru\/wp-json\/wp\/v2\/product_cat?post=162510"},{"taxonomy":"product_tag","embeddable":true,"href":"https:\/\/ventspils.citro.lv\/ru\/wp-json\/wp\/v2\/product_tag?post=162510"}],"curies":[{"name":"wp","href":"https:\/\/api.w.org\/{rel}","templated":true}]}}