{"id":162480,"date":"2024-10-12T01:00:18","date_gmt":"2024-10-11T22:00:18","guid":{"rendered":"https:\/\/ventspils.citro.lv\/veikals\/zivju-fileja-ar-siera-mercipaneta\/"},"modified":"2026-02-09T17:56:19","modified_gmt":"2026-02-09T15:56:19","slug":"zivju-fileja-ar-siera-mercipaneta","status":"publish","type":"product","link":"https:\/\/ventspils.citro.lv\/ru\/veikals\/zivju-fileja-ar-siera-mercipaneta\/","title":{"rendered":"Zivju fileja ar siera m\u0113rci,pan\u0113ta"},"content":{"rendered":"<p>Sast\u0101vs: balt\u0101s zivs fileja, pulverveida pan\u0113jums (KVIE\u0160U MILTI, \u016bdens, dekstroze (KVIE\u0160U), raugs, augu e\u013c\u013ca, gar\u0161augi), m\u0113rce (\u016bdens, siers, mod.ciete, siers, s\u0101ls, PIENA PULVERIS, gar\u0161augi, cukurs), augu e\u013c\u013ca, KVIE\u0160U MILTI, \u016bdens, kartupe\u013cu ciete, s\u0101ls<\/p>\n","protected":false},"excerpt":{"rendered":"<p>8.95 \u20ac\/kg<\/p>\n","protected":false},"featured_media":922092,"template":"","meta":{"_acf_changed":false,"inline_featured_image":false},"product_cat":[231,564],"product_tag":[],"acf":[],"aioseo_notices":[],"_links":{"self":[{"href":"https:\/\/ventspils.citro.lv\/ru\/wp-json\/wp\/v2\/product\/162480"}],"collection":[{"href":"https:\/\/ventspils.citro.lv\/ru\/wp-json\/wp\/v2\/product"}],"about":[{"href":"https:\/\/ventspils.citro.lv\/ru\/wp-json\/wp\/v2\/types\/product"}],"wp:featuredmedia":[{"embeddable":true,"href":"https:\/\/ventspils.citro.lv\/ru\/wp-json\/wp\/v2\/media\/922092"}],"wp:attachment":[{"href":"https:\/\/ventspils.citro.lv\/ru\/wp-json\/wp\/v2\/media?parent=162480"}],"wp:term":[{"taxonomy":"product_cat","embeddable":true,"href":"https:\/\/ventspils.citro.lv\/ru\/wp-json\/wp\/v2\/product_cat?post=162480"},{"taxonomy":"product_tag","embeddable":true,"href":"https:\/\/ventspils.citro.lv\/ru\/wp-json\/wp\/v2\/product_tag?post=162480"}],"curies":[{"name":"wp","href":"https:\/\/api.w.org\/{rel}","templated":true}]}}