{"id":162452,"date":"2026-03-28T01:36:49","date_gmt":"2026-03-27T23:36:49","guid":{"rendered":"https:\/\/ventspils.citro.lv\/veikals\/picu-pamatne\/"},"modified":"2026-03-28T01:36:59","modified_gmt":"2026-03-27T23:36:59","slug":"picu-pamatne","status":"publish","type":"product","link":"https:\/\/ventspils.citro.lv\/ru\/veikals\/picu-pamatne\/","title":{"rendered":"Picu pamatne"},"content":{"rendered":"<p>Sast\u0101vda\u013cas : milti KVIE\u0160U ,\u016bdens, augu e\u013c\u013ca , cukurs,  raugs, p\u0101rtikas s\u0101ls.100 g produkta satur:  Ener\u0123\u0113tisk\u0101 v\u0113rt\u012bba 886 KJ\/348 kcal,  tauki 5 g , tostarp pies\u0101tin\u0101t\u0101s tauksk\u0101bes 0,3 g, og\u013chidr\u0101ti 37 g ,tostarp cukurs 0,4 g \u0161\u0137iedrvielas 2,5 g, olbaltumvielas 8,3 g, s\u0101ls 0,5g. Uzglab\u0101\u0161anas temperat\u016bra: istabas temperat\u016br\u0101. Izlietot l\u012bdz: nor\u0101d\u012bts uz iepakojuma. Ra\u017eot\u0101js: SIA Di\u0101na Bistro, Andreja iela 5, Ventspils.<\/p>\n","protected":false},"excerpt":{"rendered":"<p>1.19 \u20ac\/gb<\/p>\n","protected":false},"featured_media":1237260,"template":"","meta":{"_acf_changed":false,"inline_featured_image":false},"product_cat":[531,113],"product_tag":[],"acf":[],"aioseo_notices":[],"_links":{"self":[{"href":"https:\/\/ventspils.citro.lv\/ru\/wp-json\/wp\/v2\/product\/162452"}],"collection":[{"href":"https:\/\/ventspils.citro.lv\/ru\/wp-json\/wp\/v2\/product"}],"about":[{"href":"https:\/\/ventspils.citro.lv\/ru\/wp-json\/wp\/v2\/types\/product"}],"wp:featuredmedia":[{"embeddable":true,"href":"https:\/\/ventspils.citro.lv\/ru\/wp-json\/wp\/v2\/media\/1237260"}],"wp:attachment":[{"href":"https:\/\/ventspils.citro.lv\/ru\/wp-json\/wp\/v2\/media?parent=162452"}],"wp:term":[{"taxonomy":"product_cat","embeddable":true,"href":"https:\/\/ventspils.citro.lv\/ru\/wp-json\/wp\/v2\/product_cat?post=162452"},{"taxonomy":"product_tag","embeddable":true,"href":"https:\/\/ventspils.citro.lv\/ru\/wp-json\/wp\/v2\/product_tag?post=162452"}],"curies":[{"name":"wp","href":"https:\/\/api.w.org\/{rel}","templated":true}]}}