{"id":162437,"date":"2026-04-10T05:06:59","date_gmt":"2026-04-10T02:06:59","guid":{"rendered":"https:\/\/ventspils.citro.lv\/veikals\/merce-7-darza-zalumu-420g\/"},"modified":"2026-04-10T05:07:02","modified_gmt":"2026-04-10T02:07:02","slug":"merce-rundale-7-darza-zalumu-420g","status":"publish","type":"product","link":"https:\/\/ventspils.citro.lv\/ru\/veikals\/merce-rundale-7-darza-zalumu-420g\/","title":{"rendered":"M\u0113rce Rund\u0101le 7 d\u0101rza za\u013cumu 420g"},"content":{"rendered":"","protected":false},"excerpt":{"rendered":"<p>3.79 \u20ac\/kg<\/p>\n","protected":false},"featured_media":1243014,"template":"","meta":{"_acf_changed":false,"inline_featured_image":false},"product_cat":[116,208],"product_tag":[],"acf":[],"aioseo_notices":[],"_links":{"self":[{"href":"https:\/\/ventspils.citro.lv\/ru\/wp-json\/wp\/v2\/product\/162437"}],"collection":[{"href":"https:\/\/ventspils.citro.lv\/ru\/wp-json\/wp\/v2\/product"}],"about":[{"href":"https:\/\/ventspils.citro.lv\/ru\/wp-json\/wp\/v2\/types\/product"}],"wp:featuredmedia":[{"embeddable":true,"href":"https:\/\/ventspils.citro.lv\/ru\/wp-json\/wp\/v2\/media\/1243014"}],"wp:attachment":[{"href":"https:\/\/ventspils.citro.lv\/ru\/wp-json\/wp\/v2\/media?parent=162437"}],"wp:term":[{"taxonomy":"product_cat","embeddable":true,"href":"https:\/\/ventspils.citro.lv\/ru\/wp-json\/wp\/v2\/product_cat?post=162437"},{"taxonomy":"product_tag","embeddable":true,"href":"https:\/\/ventspils.citro.lv\/ru\/wp-json\/wp\/v2\/product_tag?post=162437"}],"curies":[{"name":"wp","href":"https:\/\/api.w.org\/{rel}","templated":true}]}}