{"id":162415,"date":"2026-03-27T05:51:02","date_gmt":"2026-03-27T03:51:02","guid":{"rendered":"https:\/\/ventspils.citro.lv\/veikals\/desa-galda-kup\/"},"modified":"2026-03-27T05:51:14","modified_gmt":"2026-03-27T03:51:14","slug":"desa-galda-kup","status":"publish","type":"product","link":"https:\/\/ventspils.citro.lv\/ru\/veikals\/desa-galda-kup\/","title":{"rendered":"Desa Galda k\u016bp."},"content":{"rendered":"<p>Sast\u0101vda\u013cas: c\u0101\u013ca meh\u0101niski atdal\u012bta ga\u013ca, c\u016bku spe\u0137is, c\u016bkga\u013ca, \u016bdens, SOJAS olbaltumvielas, s\u0101ls, konservants E250, kartupe\u013cu ciete, dekstroze, sk\u0101buma regul\u0113t\u0101js E575, gar\u0161vielas, stabiliz\u0113t\u0101js E451, gar\u0161as pastiprin\u0101t\u0101js E621, c\u016bku hemoglob\u012bns, kr\u0101sviela E120, antioksidants E316. Produkts var satur\u0113t sinepju un piena da\u013ci\u0146as. C\u0101\u013cu meh\u0101niski atdal\u012btas ga\u013cas un c\u016bkga\u013cas izcelsme ES. 100g produkta satur: ener\u0123\u0113tiska v\u0113rt\u012bba 1440kJ\/344kcal, tauki 30,96g, tostarp pies\u0101tin\u0101t\u0101s tauksk\u0101bes 9,83g, og\u013chidr\u0101ti 1,64g, tostarp cukuri 1,64g, olbaltumvielas 14g, s\u0101ls 2,08g. Uzglab\u0101\u0161anas temperat\u016bra: +2&#8230;+6C.<\/p>\n","protected":false},"excerpt":{"rendered":"<p>5.99 \u20ac\/kg<\/p>\n","protected":false},"featured_media":1235467,"template":"","meta":{"_acf_changed":false,"inline_featured_image":false},"product_cat":[135,178],"product_tag":[],"acf":[],"aioseo_notices":[],"_links":{"self":[{"href":"https:\/\/ventspils.citro.lv\/ru\/wp-json\/wp\/v2\/product\/162415"}],"collection":[{"href":"https:\/\/ventspils.citro.lv\/ru\/wp-json\/wp\/v2\/product"}],"about":[{"href":"https:\/\/ventspils.citro.lv\/ru\/wp-json\/wp\/v2\/types\/product"}],"wp:featuredmedia":[{"embeddable":true,"href":"https:\/\/ventspils.citro.lv\/ru\/wp-json\/wp\/v2\/media\/1235467"}],"wp:attachment":[{"href":"https:\/\/ventspils.citro.lv\/ru\/wp-json\/wp\/v2\/media?parent=162415"}],"wp:term":[{"taxonomy":"product_cat","embeddable":true,"href":"https:\/\/ventspils.citro.lv\/ru\/wp-json\/wp\/v2\/product_cat?post=162415"},{"taxonomy":"product_tag","embeddable":true,"href":"https:\/\/ventspils.citro.lv\/ru\/wp-json\/wp\/v2\/product_tag?post=162415"}],"curies":[{"name":"wp","href":"https:\/\/api.w.org\/{rel}","templated":true}]}}