{"id":162375,"date":"2026-04-24T05:18:50","date_gmt":"2026-04-24T02:18:50","guid":{"rendered":"https:\/\/ventspils.citro.lv\/veikals\/salami-danu\/"},"modified":"2026-04-24T05:19:03","modified_gmt":"2026-04-24T02:19:03","slug":"salami-danu","status":"publish","type":"product","link":"https:\/\/ventspils.citro.lv\/ru\/veikals\/salami-danu\/","title":{"rendered":"Salami D\u0101\u0146u"},"content":{"rendered":"<p>Sast\u0101vda\u013cas: ga\u013ca (c\u016bkga\u013ca, c\u016bku spe\u0137is, c\u0101\u013cu meh\u0101niski atdal\u012bta ga\u013ca, \u016bdens, s\u0101ls, konservants E250, kartupe\u013cu ciete, PIENA s\u016bkalas, stabiliz\u0113t\u0101js E451, sk\u0101buma regul\u0113t\u0101js E575, c\u016bku olbaltumviela 0,3%, c\u016bku hemoglob\u012bns, dekstroze, kr\u0101sviela E120, aromatiz\u0113t\u0101js, gar\u0161as pastiprin\u0101t\u0101js E621, antioksidants E316. Produkts var satur\u0113t sinepju un sojas da\u013ci\u0146as. C\u016bkga\u013cas, c\u0101\u013cu ga\u013cas un c\u0101\u013cu meh\u0101niski atdal\u012bta ga\u013cas izcelsme ES. 100g produkta satur: ener\u0123\u0113tiska v\u0113rt\u012bba 1276kJ\/305kcal, tauki 25,01g, tostarp pies\u0101tin\u0101tas tauksk\u0101bes 8g, og\u013chidr\u0101ti 2,8g, tostarp cukuri 0,87g, olbaltumvielas 15g, s\u0101ls 2,1g. Apvalks nav \u0113dams. Uzglab\u0101\u0161anas temperat\u016bra: +2&#8230;+6C.<\/p>\n","protected":false},"excerpt":{"rendered":"<p>6.99 \u20ac\/kg<\/p>\n","protected":false},"featured_media":1251726,"template":"","meta":{"_acf_changed":false,"inline_featured_image":false},"product_cat":[135,178],"product_tag":[],"acf":[],"aioseo_notices":[],"_links":{"self":[{"href":"https:\/\/ventspils.citro.lv\/ru\/wp-json\/wp\/v2\/product\/162375"}],"collection":[{"href":"https:\/\/ventspils.citro.lv\/ru\/wp-json\/wp\/v2\/product"}],"about":[{"href":"https:\/\/ventspils.citro.lv\/ru\/wp-json\/wp\/v2\/types\/product"}],"wp:featuredmedia":[{"embeddable":true,"href":"https:\/\/ventspils.citro.lv\/ru\/wp-json\/wp\/v2\/media\/1251726"}],"wp:attachment":[{"href":"https:\/\/ventspils.citro.lv\/ru\/wp-json\/wp\/v2\/media?parent=162375"}],"wp:term":[{"taxonomy":"product_cat","embeddable":true,"href":"https:\/\/ventspils.citro.lv\/ru\/wp-json\/wp\/v2\/product_cat?post=162375"},{"taxonomy":"product_tag","embeddable":true,"href":"https:\/\/ventspils.citro.lv\/ru\/wp-json\/wp\/v2\/product_tag?post=162375"}],"curies":[{"name":"wp","href":"https:\/\/api.w.org\/{rel}","templated":true}]}}