{"id":162338,"date":"2025-03-21T01:22:00","date_gmt":"2025-03-20T23:22:00","guid":{"rendered":"https:\/\/ventspils.citro.lv\/veikals\/majoneze-brokastu-sverama\/"},"modified":"2026-01-07T09:42:28","modified_gmt":"2026-01-07T07:42:28","slug":"majoneze-brokastu-sverama","status":"publish","type":"product","link":"https:\/\/ventspils.citro.lv\/ru\/veikals\/majoneze-brokastu-sverama\/","title":{"rendered":"Majon\u0113ze Brokastu sverama"},"content":{"rendered":"<p>Sast\u0101vs:Rap\u0161u e\u013c\u013cu,,\u016bdens,OLU PULV.,V\u0100JPIENA pulv.,cukurs, s\u0101ls,sk\u0101b. reg.(eti\u0137sk\u0101be,citronsk\u0101be),kr\u0101sviela (beta karot\u012bns),konservants (k\u0101lija sorb\u0101ts),biezin\u0101t\u0101ji (mod.ciete ,guar\u0101na sve\u0137i,ksant\u0101na sve\u0137i). Uzglab\u0101t +2-+12 Fas\u0113ts AS Di\u0101na<\/p>\n","protected":false},"excerpt":{"rendered":"<p>4.39 \u20ac\/kg<\/p>\n","protected":false},"featured_media":1015299,"template":"","meta":{"_acf_changed":false,"inline_featured_image":false},"product_cat":[95,147],"product_tag":[],"acf":[],"aioseo_notices":[],"_links":{"self":[{"href":"https:\/\/ventspils.citro.lv\/ru\/wp-json\/wp\/v2\/product\/162338"}],"collection":[{"href":"https:\/\/ventspils.citro.lv\/ru\/wp-json\/wp\/v2\/product"}],"about":[{"href":"https:\/\/ventspils.citro.lv\/ru\/wp-json\/wp\/v2\/types\/product"}],"wp:featuredmedia":[{"embeddable":true,"href":"https:\/\/ventspils.citro.lv\/ru\/wp-json\/wp\/v2\/media\/1015299"}],"wp:attachment":[{"href":"https:\/\/ventspils.citro.lv\/ru\/wp-json\/wp\/v2\/media?parent=162338"}],"wp:term":[{"taxonomy":"product_cat","embeddable":true,"href":"https:\/\/ventspils.citro.lv\/ru\/wp-json\/wp\/v2\/product_cat?post=162338"},{"taxonomy":"product_tag","embeddable":true,"href":"https:\/\/ventspils.citro.lv\/ru\/wp-json\/wp\/v2\/product_tag?post=162338"}],"curies":[{"name":"wp","href":"https:\/\/api.w.org\/{rel}","templated":true}]}}