{"id":1623,"date":"2026-05-15T01:42:03","date_gmt":"2026-05-14T22:42:03","guid":{"rendered":"http:\/\/cvent.dev.wmc.lv\/ventspils\/veikals\/sasliks-vistas-galas-karija-merce-1kg\/"},"modified":"2026-05-15T12:48:28","modified_gmt":"2026-05-15T09:48:28","slug":"sasliks-vistas-karija-merce-citro1kg","status":"publish","type":"product","link":"https:\/\/ventspils.citro.lv\/ru\/veikals\/sasliks-vistas-karija-merce-citro1kg\/","title":{"rendered":"\u0160a\u0161liks vistas karija m\u0113rc\u0113 Citro1kg"},"content":{"rendered":"<p>Sast\u0101vda\u013cas : vistas ga\u013ca (85%), majon\u0113ze (rap\u0161u e\u013c\u013ca, \u016bdens, OLU pulveris, V\u0100JPIENA pulveris, cukurs, modific\u0113ta ciete, s\u0101ls, sk\u0101buma regul\u0113t\u0101ji (eti\u0137sk\u0101be, piensk\u0101be), biezin\u0101t\u0101ji  (modific\u0113ta ciete, gu\u0101ra sve\u0137i, ksant\u0101na sve\u0137i), konservanti (k\u0101lija sorb\u0101ts, n\u0101trija benzon\u0101ts)), KEF\u012aRS, cukurs, dilles, gar\u0161vielas, eti\u0137a esence. 100 g produkta  satur : ener\u0123\u0113tisk\u0101 v\u0113rt\u012bba : 1043 KJ\/252 kcal,  tauki 19,9 g, tostarp pies\u0101tin\u0101t\u0101s tauksk\u0101bes 8,7 g, og\u013chidr\u0101ti 3 g, tostarp cukurs 2,7 g, olbaltumvielas 14,9 g, s\u0101ls 1 g. Uzglab\u0101\u0161anas temperat\u016bra : 0..+4 C.  Izlietot l\u012bdz: nor\u0101d\u012bts uz iepakojuma. Ra\u017eot\u0101js: SIA Di\u0101na Bistro, Andreja iela 5, Ventspils.<\/p>\n","protected":false},"excerpt":{"rendered":"<p>7.99 \u20ac\/kg<\/p>\n","protected":false},"featured_media":1260954,"template":"","meta":{"_acf_changed":false,"inline_featured_image":false},"product_cat":[627,135],"product_tag":[],"acf":[],"aioseo_notices":[],"_links":{"self":[{"href":"https:\/\/ventspils.citro.lv\/ru\/wp-json\/wp\/v2\/product\/1623"}],"collection":[{"href":"https:\/\/ventspils.citro.lv\/ru\/wp-json\/wp\/v2\/product"}],"about":[{"href":"https:\/\/ventspils.citro.lv\/ru\/wp-json\/wp\/v2\/types\/product"}],"wp:featuredmedia":[{"embeddable":true,"href":"https:\/\/ventspils.citro.lv\/ru\/wp-json\/wp\/v2\/media\/1260954"}],"wp:attachment":[{"href":"https:\/\/ventspils.citro.lv\/ru\/wp-json\/wp\/v2\/media?parent=1623"}],"wp:term":[{"taxonomy":"product_cat","embeddable":true,"href":"https:\/\/ventspils.citro.lv\/ru\/wp-json\/wp\/v2\/product_cat?post=1623"},{"taxonomy":"product_tag","embeddable":true,"href":"https:\/\/ventspils.citro.lv\/ru\/wp-json\/wp\/v2\/product_tag?post=1623"}],"curies":[{"name":"wp","href":"https:\/\/api.w.org\/{rel}","templated":true}]}}