{"id":162222,"date":"2026-04-24T03:33:05","date_gmt":"2026-04-24T00:33:05","guid":{"rendered":"https:\/\/ventspils.citro.lv\/veikals\/sardeles-alus-puskupinatas\/"},"modified":"2026-04-24T03:33:13","modified_gmt":"2026-04-24T00:33:13","slug":"sardeles-alus-puskupinatas","status":"publish","type":"product","link":"https:\/\/ventspils.citro.lv\/ru\/veikals\/sardeles-alus-puskupinatas\/","title":{"rendered":"Sardeles alus pusk\u016bpin\u0101tas"},"content":{"rendered":"<p>Sast\u0101vda\u013cas: c\u0101\u013cu meh\u0101niski atdal\u012bta ga\u013ca, c\u016bku spe\u0137is, c\u016bkga\u013ca, \u016bdens, c\u016bku sirdis, kartupe\u013cu ciete, sojas olbaltumvielas, s\u0101ls, konservants E250, gar\u0161vielas, sinepes, stabiliz\u0113t\u0101js E451, gar\u0161as pastiprin\u0101t\u0101js E621, dekstroze, c\u016bku hemoglob\u012bns, kr\u0101sviela E120, antioksidants E316. Produkts var staur\u0113t piena da\u013ci\u0146as. C\u0101\u013cu meh\u0101niski atdal\u012btas ga\u013cas un c\u016bkga\u013cas izcelsme ES. 100g produkta satur: ener\u0123\u0113tisk\u0101 v\u0113rt\u012bba 1120kJ\/267kcl, tauki 23,5g, tostarp pies\u0101tin\u0101t\u0101s tauksk\u0101bes 8g, og\u013chidr\u0101ti 1,9g, tostarp cukuri 0,5g, olbaltumvielas 12g, s\u0101ls 1,8g. Uzglab\u0101\u0161anas temperat\u016bra: +2&#8230;+6C.<\/p>\n","protected":false},"excerpt":{"rendered":"<p>5.19 \u20ac\/kg<\/p>\n","protected":false},"featured_media":1251307,"template":"","meta":{"_acf_changed":false,"inline_featured_image":false},"product_cat":[135,192],"product_tag":[],"acf":[],"aioseo_notices":[],"_links":{"self":[{"href":"https:\/\/ventspils.citro.lv\/ru\/wp-json\/wp\/v2\/product\/162222"}],"collection":[{"href":"https:\/\/ventspils.citro.lv\/ru\/wp-json\/wp\/v2\/product"}],"about":[{"href":"https:\/\/ventspils.citro.lv\/ru\/wp-json\/wp\/v2\/types\/product"}],"wp:featuredmedia":[{"embeddable":true,"href":"https:\/\/ventspils.citro.lv\/ru\/wp-json\/wp\/v2\/media\/1251307"}],"wp:attachment":[{"href":"https:\/\/ventspils.citro.lv\/ru\/wp-json\/wp\/v2\/media?parent=162222"}],"wp:term":[{"taxonomy":"product_cat","embeddable":true,"href":"https:\/\/ventspils.citro.lv\/ru\/wp-json\/wp\/v2\/product_cat?post=162222"},{"taxonomy":"product_tag","embeddable":true,"href":"https:\/\/ventspils.citro.lv\/ru\/wp-json\/wp\/v2\/product_tag?post=162222"}],"curies":[{"name":"wp","href":"https:\/\/api.w.org\/{rel}","templated":true}]}}