{"id":162199,"date":"2026-04-10T07:24:46","date_gmt":"2026-04-10T04:24:46","guid":{"rendered":"https:\/\/ventspils.citro.lv\/veikals\/pankukas-garsigas-ar-galu-500g-sald\/"},"modified":"2026-04-10T07:24:58","modified_gmt":"2026-04-10T04:24:58","slug":"pankukas-garsigas-ar-galu-500g","status":"publish","type":"product","link":"https:\/\/ventspils.citro.lv\/ru\/veikals\/pankukas-garsigas-ar-galu-500g\/","title":{"rendered":"Pank\u016bkas Gar\u0161\u012bg\u0101s ar ga\u013cu 500g"},"content":{"rendered":"","protected":false},"excerpt":{"rendered":"<p>4.10 \u20ac\/kg<\/p>\n","protected":false},"featured_media":1243647,"template":"","meta":{"_acf_changed":false,"inline_featured_image":false},"product_cat":[566,231],"product_tag":[],"acf":[],"aioseo_notices":[],"_links":{"self":[{"href":"https:\/\/ventspils.citro.lv\/ru\/wp-json\/wp\/v2\/product\/162199"}],"collection":[{"href":"https:\/\/ventspils.citro.lv\/ru\/wp-json\/wp\/v2\/product"}],"about":[{"href":"https:\/\/ventspils.citro.lv\/ru\/wp-json\/wp\/v2\/types\/product"}],"wp:featuredmedia":[{"embeddable":true,"href":"https:\/\/ventspils.citro.lv\/ru\/wp-json\/wp\/v2\/media\/1243647"}],"wp:attachment":[{"href":"https:\/\/ventspils.citro.lv\/ru\/wp-json\/wp\/v2\/media?parent=162199"}],"wp:term":[{"taxonomy":"product_cat","embeddable":true,"href":"https:\/\/ventspils.citro.lv\/ru\/wp-json\/wp\/v2\/product_cat?post=162199"},{"taxonomy":"product_tag","embeddable":true,"href":"https:\/\/ventspils.citro.lv\/ru\/wp-json\/wp\/v2\/product_tag?post=162199"}],"curies":[{"name":"wp","href":"https:\/\/api.w.org\/{rel}","templated":true}]}}