{"id":1621,"date":"2026-04-19T01:00:03","date_gmt":"2026-04-18T22:00:03","guid":{"rendered":"http:\/\/cvent.dev.wmc.lv\/ventspils\/veikals\/sasliks-cukgalas-citro-1kg\/"},"modified":"2026-04-19T01:00:55","modified_gmt":"2026-04-18T22:00:55","slug":"sasliks-cukgalas-citro-1kg","status":"publish","type":"product","link":"https:\/\/ventspils.citro.lv\/ru\/veikals\/sasliks-cukgalas-citro-1kg\/","title":{"rendered":"\u0160a\u0161liks c\u016bkga\u013cas Citro 1kg"},"content":{"rendered":"<p>Sast\u0101vda\u013cas: c\u016bkga\u013ca 70%, s\u012bpoli, e\u013c\u013ca, cukurs, p\u0101rtikas s\u0101ls, eti\u0137a esence, m. m. pipari. 100 g produkta satur:  ener\u0123\u0113tisk\u0101 v\u0113rt\u012bba : 836KJ\/200kcal,  tauki 15 g, pies\u0101tin\u0101t\u0101s tauksk\u0101bes 4 g, og\u013chidr\u0101ti 4,3 g tostarp cukurs 3,5 g \u0161\u0137iedrvielas 0,1 g, olbaltumvielas 13,4 g, s\u0101ls 1,4 g.  Uzglab\u0101\u0161anas temperat\u016bra : 0&#8230;+4 C. Izlietot l\u012bdz: nor\u0101d\u012bts uz iepakojuma. Ra\u017eot\u0101js: SIA Di\u0101na Bistro, Andreja iela 5, Ventspils.<\/p>\n","protected":false},"excerpt":{"rendered":"<p>9.49 \u20ac\/kg<\/p>\n","protected":false},"featured_media":1247297,"template":"","meta":{"_acf_changed":false,"inline_featured_image":false},"product_cat":[627,135],"product_tag":[],"acf":[],"aioseo_notices":[],"_links":{"self":[{"href":"https:\/\/ventspils.citro.lv\/ru\/wp-json\/wp\/v2\/product\/1621"}],"collection":[{"href":"https:\/\/ventspils.citro.lv\/ru\/wp-json\/wp\/v2\/product"}],"about":[{"href":"https:\/\/ventspils.citro.lv\/ru\/wp-json\/wp\/v2\/types\/product"}],"wp:featuredmedia":[{"embeddable":true,"href":"https:\/\/ventspils.citro.lv\/ru\/wp-json\/wp\/v2\/media\/1247297"}],"wp:attachment":[{"href":"https:\/\/ventspils.citro.lv\/ru\/wp-json\/wp\/v2\/media?parent=1621"}],"wp:term":[{"taxonomy":"product_cat","embeddable":true,"href":"https:\/\/ventspils.citro.lv\/ru\/wp-json\/wp\/v2\/product_cat?post=1621"},{"taxonomy":"product_tag","embeddable":true,"href":"https:\/\/ventspils.citro.lv\/ru\/wp-json\/wp\/v2\/product_tag?post=1621"}],"curies":[{"name":"wp","href":"https:\/\/api.w.org\/{rel}","templated":true}]}}