{"id":15983,"date":"2026-03-28T01:30:15","date_gmt":"2026-03-27T23:30:15","guid":{"rendered":"https:\/\/ventspils.citro.lv\/veikals\/maize-fazer-dziva-seklu-250g\/"},"modified":"2026-04-14T23:06:53","modified_gmt":"2026-04-14T20:06:53","slug":"maize-fazer-dziva-seklu-250g","status":"publish","type":"product","link":"https:\/\/ventspils.citro.lv\/ru\/veikals\/maize-fazer-dziva-seklu-250g\/","title":{"rendered":"Maize Fazer dz\u012bv\u0101 s\u0113klu 250g"},"content":{"rendered":"","protected":false},"excerpt":{"rendered":"<p>4.36 \u20ac\/kg<\/p>\n","protected":false},"featured_media":1237230,"template":"","meta":{"_acf_changed":false,"inline_featured_image":false},"product_cat":[542,215],"product_tag":[],"acf":[],"aioseo_notices":[],"_links":{"self":[{"href":"https:\/\/ventspils.citro.lv\/ru\/wp-json\/wp\/v2\/product\/15983"}],"collection":[{"href":"https:\/\/ventspils.citro.lv\/ru\/wp-json\/wp\/v2\/product"}],"about":[{"href":"https:\/\/ventspils.citro.lv\/ru\/wp-json\/wp\/v2\/types\/product"}],"wp:featuredmedia":[{"embeddable":true,"href":"https:\/\/ventspils.citro.lv\/ru\/wp-json\/wp\/v2\/media\/1237230"}],"wp:attachment":[{"href":"https:\/\/ventspils.citro.lv\/ru\/wp-json\/wp\/v2\/media?parent=15983"}],"wp:term":[{"taxonomy":"product_cat","embeddable":true,"href":"https:\/\/ventspils.citro.lv\/ru\/wp-json\/wp\/v2\/product_cat?post=15983"},{"taxonomy":"product_tag","embeddable":true,"href":"https:\/\/ventspils.citro.lv\/ru\/wp-json\/wp\/v2\/product_tag?post=15983"}],"curies":[{"name":"wp","href":"https:\/\/api.w.org\/{rel}","templated":true}]}}