{"id":15914,"date":"2026-03-31T02:15:25","date_gmt":"2026-03-30T23:15:25","guid":{"rendered":"https:\/\/ventspils.citro.lv\/veikals\/burkanmaize-lacu-270g\/"},"modified":"2026-04-03T10:17:53","modified_gmt":"2026-04-03T07:17:53","slug":"burkanmaize-lacu-270g","status":"publish","type":"product","link":"https:\/\/ventspils.citro.lv\/ru\/veikals\/burkanmaize-lacu-270g\/","title":{"rendered":"Burk\u0101nmaize L\u0101\u010du 270g"},"content":{"rendered":"","protected":false},"excerpt":{"rendered":"<p>6.26 \u20ac\/kg<\/p>\n","protected":false},"featured_media":1237842,"template":"","meta":{"_acf_changed":false,"inline_featured_image":false},"product_cat":[541,215],"product_tag":[],"acf":[],"aioseo_notices":[],"_links":{"self":[{"href":"https:\/\/ventspils.citro.lv\/ru\/wp-json\/wp\/v2\/product\/15914"}],"collection":[{"href":"https:\/\/ventspils.citro.lv\/ru\/wp-json\/wp\/v2\/product"}],"about":[{"href":"https:\/\/ventspils.citro.lv\/ru\/wp-json\/wp\/v2\/types\/product"}],"wp:featuredmedia":[{"embeddable":true,"href":"https:\/\/ventspils.citro.lv\/ru\/wp-json\/wp\/v2\/media\/1237842"}],"wp:attachment":[{"href":"https:\/\/ventspils.citro.lv\/ru\/wp-json\/wp\/v2\/media?parent=15914"}],"wp:term":[{"taxonomy":"product_cat","embeddable":true,"href":"https:\/\/ventspils.citro.lv\/ru\/wp-json\/wp\/v2\/product_cat?post=15914"},{"taxonomy":"product_tag","embeddable":true,"href":"https:\/\/ventspils.citro.lv\/ru\/wp-json\/wp\/v2\/product_tag?post=15914"}],"curies":[{"name":"wp","href":"https:\/\/api.w.org\/{rel}","templated":true}]}}