{"id":157595,"date":"2026-03-27T06:18:58","date_gmt":"2026-03-27T04:18:58","guid":{"rendered":"https:\/\/ventspils.citro.lv\/veikals\/tualetes-papirs-grite-family-deco-3slani-16rulli\/"},"modified":"2026-03-31T00:15:36","modified_gmt":"2026-03-30T21:15:36","slug":"tualetes-papirs-grite-family-deco-3slani-16rulli","status":"publish","type":"product","link":"https:\/\/ventspils.citro.lv\/ru\/veikals\/tualetes-papirs-grite-family-deco-3slani-16rulli\/","title":{"rendered":"Tualetes pap\u012brs Grite Family Deco 3sl\u0101\u0146i 16ru\u013c\u013ci"},"content":{"rendered":"","protected":false},"excerpt":{"rendered":"<p>0.29 \u20ac\/gb<\/p>\n","protected":false},"featured_media":1235576,"template":"","meta":{"_acf_changed":false,"inline_featured_image":false},"product_cat":[131,163],"product_tag":[],"acf":[],"aioseo_notices":[],"_links":{"self":[{"href":"https:\/\/ventspils.citro.lv\/ru\/wp-json\/wp\/v2\/product\/157595"}],"collection":[{"href":"https:\/\/ventspils.citro.lv\/ru\/wp-json\/wp\/v2\/product"}],"about":[{"href":"https:\/\/ventspils.citro.lv\/ru\/wp-json\/wp\/v2\/types\/product"}],"wp:featuredmedia":[{"embeddable":true,"href":"https:\/\/ventspils.citro.lv\/ru\/wp-json\/wp\/v2\/media\/1235576"}],"wp:attachment":[{"href":"https:\/\/ventspils.citro.lv\/ru\/wp-json\/wp\/v2\/media?parent=157595"}],"wp:term":[{"taxonomy":"product_cat","embeddable":true,"href":"https:\/\/ventspils.citro.lv\/ru\/wp-json\/wp\/v2\/product_cat?post=157595"},{"taxonomy":"product_tag","embeddable":true,"href":"https:\/\/ventspils.citro.lv\/ru\/wp-json\/wp\/v2\/product_tag?post=157595"}],"curies":[{"name":"wp","href":"https:\/\/api.w.org\/{rel}","templated":true}]}}