{"id":157491,"date":"2026-03-17T04:51:57","date_gmt":"2026-03-17T02:51:57","guid":{"rendered":"https:\/\/ventspils.citro.lv\/veikals\/merce-tomatu-bez-e-400g\/"},"modified":"2026-03-17T04:52:01","modified_gmt":"2026-03-17T02:52:01","slug":"merce-rundale-tomatu-bez-e-400g","status":"publish","type":"product","link":"https:\/\/ventspils.citro.lv\/ru\/veikals\/merce-rundale-tomatu-bez-e-400g\/","title":{"rendered":"M\u0113rce Rund\u0101le tom\u0101tu bez E 400g"},"content":{"rendered":"","protected":false},"excerpt":{"rendered":"<p>4.63 \u20ac\/kg<\/p>\n","protected":false},"featured_media":1226625,"template":"","meta":{"_acf_changed":false,"inline_featured_image":false},"product_cat":[116,208],"product_tag":[],"acf":[],"aioseo_notices":[],"_links":{"self":[{"href":"https:\/\/ventspils.citro.lv\/ru\/wp-json\/wp\/v2\/product\/157491"}],"collection":[{"href":"https:\/\/ventspils.citro.lv\/ru\/wp-json\/wp\/v2\/product"}],"about":[{"href":"https:\/\/ventspils.citro.lv\/ru\/wp-json\/wp\/v2\/types\/product"}],"wp:featuredmedia":[{"embeddable":true,"href":"https:\/\/ventspils.citro.lv\/ru\/wp-json\/wp\/v2\/media\/1226625"}],"wp:attachment":[{"href":"https:\/\/ventspils.citro.lv\/ru\/wp-json\/wp\/v2\/media?parent=157491"}],"wp:term":[{"taxonomy":"product_cat","embeddable":true,"href":"https:\/\/ventspils.citro.lv\/ru\/wp-json\/wp\/v2\/product_cat?post=157491"},{"taxonomy":"product_tag","embeddable":true,"href":"https:\/\/ventspils.citro.lv\/ru\/wp-json\/wp\/v2\/product_tag?post=157491"}],"curies":[{"name":"wp","href":"https:\/\/api.w.org\/{rel}","templated":true}]}}